{"id":414,"date":"2025-03-20T13:45:40","date_gmt":"2025-03-20T12:45:40","guid":{"rendered":"https:\/\/nutraleben.cl\/?post_type=product&#038;p=414"},"modified":"2025-04-30T17:46:33","modified_gmt":"2025-04-30T15:46:33","slug":"okra-120-capsulas","status":"publish","type":"product","link":"https:\/\/nutraleben.cl\/?product=okra-120-capsulas","title":{"rendered":"OKRA+ \u2013 120 C\u00e1psulas"},"content":{"rendered":"<h3 class=\"\" data-start=\"256\" data-end=\"286\"><strong style=\"font-size: 1rem;\" data-start=\"287\" data-end=\"362\">Apoyo natural para el metabolismo, la digesti\u00f3n y el control del az\u00facar<\/strong><\/h3>\n<p class=\"\" data-start=\"364\" data-end=\"693\">OKRA+ de Nutraleben es un suplemento natural en base a extracto de quingomb\u00f3 (okra), reconocido por sus propiedades digestivas, antioxidantes y su efecto regulador en los niveles de glucosa. Formulado especialmente para quienes buscan mantener un metabolismo equilibrado y una mejor salud intestinal, de forma natural y efectiva.<\/p>\n<p class=\"\" data-start=\"695\" data-end=\"723\"><strong data-start=\"695\" data-end=\"721\">Beneficios destacados:<\/strong><\/p>\n<ul data-start=\"724\" data-end=\"1056\">\n<li class=\"\" data-start=\"724\" data-end=\"855\">\n<p class=\"\" data-start=\"726\" data-end=\"855\">\ud83c\udf3f <strong data-start=\"729\" data-end=\"783\">Ayuda a regular los niveles de az\u00facar en la sangre<\/strong>, ideal para personas con resistencia a la insulina o diabetes tipo 2.<\/p>\n<\/li>\n<li class=\"\" data-start=\"856\" data-end=\"943\">\n<p class=\"\" data-start=\"858\" data-end=\"943\">\ud83e\uddec <strong data-start=\"861\" data-end=\"885\">Aporta fibra natural<\/strong>, mejorando la digesti\u00f3n y apoyando la salud intestinal.<\/p>\n<\/li>\n<li class=\"\" data-start=\"944\" data-end=\"1056\">\n<p class=\"\" data-start=\"946\" data-end=\"1056\">\ud83d\udee1\ufe0f <strong data-start=\"950\" data-end=\"977\">Act\u00faa como antioxidante<\/strong>, protegiendo las c\u00e9lulas del da\u00f1o oxidativo y fortaleciendo el sistema inmune.<\/p>\n<\/li>\n<\/ul>\n<p class=\"\" data-start=\"1058\" data-end=\"1185\"><strong data-start=\"1058\" data-end=\"1074\">Modo de uso:<\/strong> Tomar 2 c\u00e1psulas al d\u00eda, preferentemente con las comidas principales.<br data-start=\"1144\" data-end=\"1147\" \/><strong data-start=\"1147\" data-end=\"1161\">Contenido:<\/strong> 120 c\u00e1psulas vegetales.<\/p>\n","protected":false},"excerpt":{"rendered":"<p>OKRA+ 120 C\u00e1psulas &#8211; Beneficios esenciales para energ\u00eda, bienestar y salud \u00f3ptima.<\/p>\n","protected":false},"featured_media":441,"comment_status":"open","ping_status":"closed","template":"","meta":[],"product_brand":[],"product_cat":[34],"product_tag":[105,102,22,23,104,101,103],"class_list":{"0":"post-414","1":"product","2":"type-product","3":"status-publish","4":"has-post-thumbnail","6":"product_cat-control-peso-y-sport-nutrition","7":"product_tag-antioxidante-natural-uso-humano","8":"product_tag-control-de-glucosa-con-okra","9":"product_tag-destacados","10":"product_tag-grune-leben","11":"product_tag-okra-capsulas-nutraleben","12":"product_tag-okra-suplemento-natural","13":"product_tag-suplemento-para-digestion-y-azucar","15":"first","16":"instock","17":"sale","18":"featured","19":"taxable","20":"shipping-taxable","21":"purchasable","22":"product-type-simple"},"yoast_head":"<!-- This site is optimized with the Yoast SEO plugin v27.4 - https:\/\/yoast.com\/product\/yoast-seo-wordpress\/ -->\n<title>OKRA+ \u2013 120 C\u00e1psulas - Nutraleben<\/title>\n<meta name=\"robots\" content=\"index, follow, max-snippet:-1, max-image-preview:large, max-video-preview:-1\" \/>\n<link rel=\"canonical\" href=\"https:\/\/nutraleben.cl\/?product=okra-120-capsulas\" \/>\n<meta property=\"og:locale\" content=\"es_ES\" \/>\n<meta property=\"og:type\" content=\"article\" \/>\n<meta property=\"og:title\" content=\"OKRA+ \u2013 120 C\u00e1psulas - Nutraleben\" \/>\n<meta property=\"og:description\" content=\"OKRA+ 120 C\u00e1psulas - Beneficios esenciales para energ\u00eda, bienestar y salud \u00f3ptima.\" \/>\n<meta property=\"og:url\" content=\"https:\/\/nutraleben.cl\/?product=okra-120-capsulas\" \/>\n<meta property=\"og:site_name\" content=\"Nutraleben\" \/>\n<meta property=\"article:modified_time\" content=\"2025-04-30T15:46:33+00:00\" \/>\n<meta property=\"og:image\" content=\"https:\/\/nutraleben.cl\/wp-content\/uploads\/2025\/03\/PTH0731.png\" \/>\n\t<meta property=\"og:image:width\" content=\"1280\" \/>\n\t<meta property=\"og:image:height\" content=\"1280\" \/>\n\t<meta property=\"og:image:type\" content=\"image\/png\" \/>\n<meta name=\"twitter:card\" content=\"summary_large_image\" \/>\n<meta name=\"twitter:label1\" content=\"Tiempo de lectura\" \/>\n\t<meta name=\"twitter:data1\" content=\"1 minuto\" \/>\n<script type=\"application\/ld+json\" class=\"yoast-schema-graph\">{\"@context\":\"https:\\\/\\\/schema.org\",\"@graph\":[{\"@type\":\"WebPage\",\"@id\":\"https:\\\/\\\/nutraleben.cl\\\/?product=okra-120-capsulas\",\"url\":\"https:\\\/\\\/nutraleben.cl\\\/?product=okra-120-capsulas\",\"name\":\"OKRA+ \u2013 120 C\u00e1psulas - Nutraleben\",\"isPartOf\":{\"@id\":\"https:\\\/\\\/nutraleben.cl\\\/#website\"},\"primaryImageOfPage\":{\"@id\":\"https:\\\/\\\/nutraleben.cl\\\/?product=okra-120-capsulas#primaryimage\"},\"image\":{\"@id\":\"https:\\\/\\\/nutraleben.cl\\\/?product=okra-120-capsulas#primaryimage\"},\"thumbnailUrl\":\"https:\\\/\\\/nutraleben.cl\\\/wp-content\\\/uploads\\\/2025\\\/03\\\/PTH0731.png\",\"datePublished\":\"2025-03-20T12:45:40+00:00\",\"dateModified\":\"2025-04-30T15:46:33+00:00\",\"breadcrumb\":{\"@id\":\"https:\\\/\\\/nutraleben.cl\\\/?product=okra-120-capsulas#breadcrumb\"},\"inLanguage\":\"es\",\"potentialAction\":[{\"@type\":\"ReadAction\",\"target\":[\"https:\\\/\\\/nutraleben.cl\\\/?product=okra-120-capsulas\"]}]},{\"@type\":\"ImageObject\",\"inLanguage\":\"es\",\"@id\":\"https:\\\/\\\/nutraleben.cl\\\/?product=okra-120-capsulas#primaryimage\",\"url\":\"https:\\\/\\\/nutraleben.cl\\\/wp-content\\\/uploads\\\/2025\\\/03\\\/PTH0731.png\",\"contentUrl\":\"https:\\\/\\\/nutraleben.cl\\\/wp-content\\\/uploads\\\/2025\\\/03\\\/PTH0731.png\",\"width\":1280,\"height\":1280},{\"@type\":\"BreadcrumbList\",\"@id\":\"https:\\\/\\\/nutraleben.cl\\\/?product=okra-120-capsulas#breadcrumb\",\"itemListElement\":[{\"@type\":\"ListItem\",\"position\":1,\"name\":\"Portada\",\"item\":\"https:\\\/\\\/nutraleben.cl\\\/\"},{\"@type\":\"ListItem\",\"position\":2,\"name\":\"TODOS LOS PRODUCTOS\",\"item\":\"https:\\\/\\\/nutraleben.cl\\\/?page_id=6\"},{\"@type\":\"ListItem\",\"position\":3,\"name\":\"OKRA+ \u2013 120 C\u00e1psulas\"}]},{\"@type\":\"WebSite\",\"@id\":\"https:\\\/\\\/nutraleben.cl\\\/#website\",\"url\":\"https:\\\/\\\/nutraleben.cl\\\/\",\"name\":\"Nutraleben\",\"description\":\"\",\"publisher\":{\"@id\":\"https:\\\/\\\/nutraleben.cl\\\/#organization\"},\"potentialAction\":[{\"@type\":\"SearchAction\",\"target\":{\"@type\":\"EntryPoint\",\"urlTemplate\":\"https:\\\/\\\/nutraleben.cl\\\/?s={search_term_string}\"},\"query-input\":{\"@type\":\"PropertyValueSpecification\",\"valueRequired\":true,\"valueName\":\"search_term_string\"}}],\"inLanguage\":\"es\"},{\"@type\":\"Organization\",\"@id\":\"https:\\\/\\\/nutraleben.cl\\\/#organization\",\"name\":\"Nutraleben\",\"url\":\"https:\\\/\\\/nutraleben.cl\\\/\",\"logo\":{\"@type\":\"ImageObject\",\"inLanguage\":\"es\",\"@id\":\"https:\\\/\\\/nutraleben.cl\\\/#\\\/schema\\\/logo\\\/image\\\/\",\"url\":\"https:\\\/\\\/nutraleben.cl\\\/wp-content\\\/uploads\\\/2025\\\/04\\\/cropped-LOGO-NUTRALEBEN.webp\",\"contentUrl\":\"https:\\\/\\\/nutraleben.cl\\\/wp-content\\\/uploads\\\/2025\\\/04\\\/cropped-LOGO-NUTRALEBEN.webp\",\"width\":400,\"height\":119,\"caption\":\"Nutraleben\"},\"image\":{\"@id\":\"https:\\\/\\\/nutraleben.cl\\\/#\\\/schema\\\/logo\\\/image\\\/\"}}]}<\/script>\n<!-- \/ Yoast SEO plugin. -->","yoast_head_json":{"title":"OKRA+ \u2013 120 C\u00e1psulas - Nutraleben","robots":{"index":"index","follow":"follow","max-snippet":"max-snippet:-1","max-image-preview":"max-image-preview:large","max-video-preview":"max-video-preview:-1"},"canonical":"https:\/\/nutraleben.cl\/?product=okra-120-capsulas","og_locale":"es_ES","og_type":"article","og_title":"OKRA+ \u2013 120 C\u00e1psulas - Nutraleben","og_description":"OKRA+ 120 C\u00e1psulas - Beneficios esenciales para energ\u00eda, bienestar y salud \u00f3ptima.","og_url":"https:\/\/nutraleben.cl\/?product=okra-120-capsulas","og_site_name":"Nutraleben","article_modified_time":"2025-04-30T15:46:33+00:00","og_image":[{"width":1280,"height":1280,"url":"https:\/\/nutraleben.cl\/wp-content\/uploads\/2025\/03\/PTH0731.png","type":"image\/png"}],"twitter_card":"summary_large_image","twitter_misc":{"Tiempo de lectura":"1 minuto"},"schema":{"@context":"https:\/\/schema.org","@graph":[{"@type":"WebPage","@id":"https:\/\/nutraleben.cl\/?product=okra-120-capsulas","url":"https:\/\/nutraleben.cl\/?product=okra-120-capsulas","name":"OKRA+ \u2013 120 C\u00e1psulas - Nutraleben","isPartOf":{"@id":"https:\/\/nutraleben.cl\/#website"},"primaryImageOfPage":{"@id":"https:\/\/nutraleben.cl\/?product=okra-120-capsulas#primaryimage"},"image":{"@id":"https:\/\/nutraleben.cl\/?product=okra-120-capsulas#primaryimage"},"thumbnailUrl":"https:\/\/nutraleben.cl\/wp-content\/uploads\/2025\/03\/PTH0731.png","datePublished":"2025-03-20T12:45:40+00:00","dateModified":"2025-04-30T15:46:33+00:00","breadcrumb":{"@id":"https:\/\/nutraleben.cl\/?product=okra-120-capsulas#breadcrumb"},"inLanguage":"es","potentialAction":[{"@type":"ReadAction","target":["https:\/\/nutraleben.cl\/?product=okra-120-capsulas"]}]},{"@type":"ImageObject","inLanguage":"es","@id":"https:\/\/nutraleben.cl\/?product=okra-120-capsulas#primaryimage","url":"https:\/\/nutraleben.cl\/wp-content\/uploads\/2025\/03\/PTH0731.png","contentUrl":"https:\/\/nutraleben.cl\/wp-content\/uploads\/2025\/03\/PTH0731.png","width":1280,"height":1280},{"@type":"BreadcrumbList","@id":"https:\/\/nutraleben.cl\/?product=okra-120-capsulas#breadcrumb","itemListElement":[{"@type":"ListItem","position":1,"name":"Portada","item":"https:\/\/nutraleben.cl\/"},{"@type":"ListItem","position":2,"name":"TODOS LOS PRODUCTOS","item":"https:\/\/nutraleben.cl\/?page_id=6"},{"@type":"ListItem","position":3,"name":"OKRA+ \u2013 120 C\u00e1psulas"}]},{"@type":"WebSite","@id":"https:\/\/nutraleben.cl\/#website","url":"https:\/\/nutraleben.cl\/","name":"Nutraleben","description":"","publisher":{"@id":"https:\/\/nutraleben.cl\/#organization"},"potentialAction":[{"@type":"SearchAction","target":{"@type":"EntryPoint","urlTemplate":"https:\/\/nutraleben.cl\/?s={search_term_string}"},"query-input":{"@type":"PropertyValueSpecification","valueRequired":true,"valueName":"search_term_string"}}],"inLanguage":"es"},{"@type":"Organization","@id":"https:\/\/nutraleben.cl\/#organization","name":"Nutraleben","url":"https:\/\/nutraleben.cl\/","logo":{"@type":"ImageObject","inLanguage":"es","@id":"https:\/\/nutraleben.cl\/#\/schema\/logo\/image\/","url":"https:\/\/nutraleben.cl\/wp-content\/uploads\/2025\/04\/cropped-LOGO-NUTRALEBEN.webp","contentUrl":"https:\/\/nutraleben.cl\/wp-content\/uploads\/2025\/04\/cropped-LOGO-NUTRALEBEN.webp","width":400,"height":119,"caption":"Nutraleben"},"image":{"@id":"https:\/\/nutraleben.cl\/#\/schema\/logo\/image\/"}}]}},"jetpack_sharing_enabled":true,"_links":{"self":[{"href":"https:\/\/nutraleben.cl\/index.php?rest_route=\/wp\/v2\/product\/414","targetHints":{"allow":["GET"]}}],"collection":[{"href":"https:\/\/nutraleben.cl\/index.php?rest_route=\/wp\/v2\/product"}],"about":[{"href":"https:\/\/nutraleben.cl\/index.php?rest_route=\/wp\/v2\/types\/product"}],"replies":[{"embeddable":true,"href":"https:\/\/nutraleben.cl\/index.php?rest_route=%2Fwp%2Fv2%2Fcomments&post=414"}],"version-history":[{"count":1,"href":"https:\/\/nutraleben.cl\/index.php?rest_route=\/wp\/v2\/product\/414\/revisions"}],"predecessor-version":[{"id":1151,"href":"https:\/\/nutraleben.cl\/index.php?rest_route=\/wp\/v2\/product\/414\/revisions\/1151"}],"wp:featuredmedia":[{"embeddable":true,"href":"https:\/\/nutraleben.cl\/index.php?rest_route=\/wp\/v2\/media\/441"}],"wp:attachment":[{"href":"https:\/\/nutraleben.cl\/index.php?rest_route=%2Fwp%2Fv2%2Fmedia&parent=414"}],"wp:term":[{"taxonomy":"product_brand","embeddable":true,"href":"https:\/\/nutraleben.cl\/index.php?rest_route=%2Fwp%2Fv2%2Fproduct_brand&post=414"},{"taxonomy":"product_cat","embeddable":true,"href":"https:\/\/nutraleben.cl\/index.php?rest_route=%2Fwp%2Fv2%2Fproduct_cat&post=414"},{"taxonomy":"product_tag","embeddable":true,"href":"https:\/\/nutraleben.cl\/index.php?rest_route=%2Fwp%2Fv2%2Fproduct_tag&post=414"}],"curies":[{"name":"wp","href":"https:\/\/api.w.org\/{rel}","templated":true}]}}