{"id":389,"date":"2025-03-20T13:45:18","date_gmt":"2025-03-20T12:45:18","guid":{"rendered":"https:\/\/nutraleben.cl\/?post_type=product&#038;p=389"},"modified":"2025-04-30T17:47:01","modified_gmt":"2025-04-30T15:47:01","slug":"stopbleed-540-gr","status":"publish","type":"product","link":"https:\/\/nutraleben.cl\/?product=stopbleed-540-gr","title":{"rendered":"Stopbleed \u2013 540 g"},"content":{"rendered":"<p class=\"\" data-start=\"271\" data-end=\"340\"><strong data-start=\"271\" data-end=\"340\">Soporte respiratorio y vascular para caballos de alto rendimiento<\/strong><\/p>\n<p class=\"\" data-start=\"342\" data-end=\"662\">Stopbleed de Nutraleben es un suplemento veterinario formulado especialmente para caballos deportivos o sometidos a exigencia f\u00edsica intensa. Su f\u00f3rmula apoya la integridad de los vasos sangu\u00edneos y del sistema respiratorio, siendo ideal como coadyuvante en casos de hemorragia pulmonar inducida por el ejercicio (EIPH).<\/p>\n<p class=\"\" data-start=\"664\" data-end=\"692\"><strong data-start=\"664\" data-end=\"690\">Beneficios destacados:<\/strong><\/p>\n<ul data-start=\"693\" data-end=\"1070\">\n<li class=\"\" data-start=\"693\" data-end=\"837\">\n<p class=\"\" data-start=\"695\" data-end=\"837\">\ud83e\ude78 <strong data-start=\"698\" data-end=\"779\">Contribuye a reducir el sangrado nasal o pulmonar asociado al esfuerzo f\u00edsico<\/strong>, gracias a su acci\u00f3n sobre la salud capilar y vascular.<\/p>\n<\/li>\n<li class=\"\" data-start=\"838\" data-end=\"954\">\n<p class=\"\" data-start=\"840\" data-end=\"954\">\ud83d\udc0e <strong data-start=\"843\" data-end=\"877\">Mejora la funci\u00f3n respiratoria<\/strong>, favoreciendo un desempe\u00f1o m\u00e1s eficiente en entrenamientos y competencias.<\/p>\n<\/li>\n<li class=\"\" data-start=\"955\" data-end=\"1070\">\n<p class=\"\" data-start=\"957\" data-end=\"1070\">\ud83d\udcaa <strong data-start=\"960\" data-end=\"995\">Optimiza el rendimiento general<\/strong>, ayudando a mantener la salud del sistema circulatorio bajo estr\u00e9s f\u00edsico.<\/p>\n<\/li>\n<\/ul>\n<p class=\"\" data-start=\"1072\" data-end=\"1215\"><strong data-start=\"1072\" data-end=\"1088\">Modo de uso:<\/strong> Administrar seg\u00fan indicaci\u00f3n del m\u00e9dico veterinario, mezclado con el alimento o disuelto en agua.<br data-start=\"1186\" data-end=\"1189\" \/><strong data-start=\"1189\" data-end=\"1203\">Contenido:<\/strong> 540 gramos.<\/p>\n","protected":false},"excerpt":{"rendered":"<p>Stopbleed 540 gr &#8211; Beneficios esenciales para energ\u00eda, bienestar y salud \u00f3ptima.<\/p>\n","protected":false},"featured_media":427,"comment_status":"open","ping_status":"closed","template":"","meta":[],"product_brand":[],"product_cat":[19],"product_tag":[100,99,39,96,97,98,20],"class_list":{"0":"post-389","1":"product","2":"type-product","3":"status-publish","4":"has-post-thumbnail","6":"product_cat-veterinaria","7":"product_tag-caballos-alto-rendimiento-suplemento","8":"product_tag-eiph-tratamiento-natural","9":"product_tag-linea-horse","10":"product_tag-stopbleed-caballos-nutraleben","11":"product_tag-suplemento-para-hemorragia-pulmonar-equina","12":"product_tag-suplemento-respiratorio-equino","13":"product_tag-vet-life","15":"first","16":"instock","17":"sale","18":"taxable","19":"shipping-taxable","20":"purchasable","21":"product-type-simple"},"yoast_head":"<!-- This site is optimized with the Yoast SEO plugin v27.4 - https:\/\/yoast.com\/product\/yoast-seo-wordpress\/ -->\n<title>Stopbleed \u2013 540 g - Nutraleben<\/title>\n<meta name=\"robots\" content=\"index, follow, max-snippet:-1, max-image-preview:large, max-video-preview:-1\" \/>\n<link rel=\"canonical\" href=\"https:\/\/nutraleben.cl\/?product=stopbleed-540-gr\" \/>\n<meta property=\"og:locale\" content=\"es_ES\" \/>\n<meta property=\"og:type\" content=\"article\" \/>\n<meta property=\"og:title\" content=\"Stopbleed \u2013 540 g - Nutraleben\" \/>\n<meta property=\"og:description\" content=\"Stopbleed 540 gr - Beneficios esenciales para energ\u00eda, bienestar y salud \u00f3ptima.\" \/>\n<meta property=\"og:url\" content=\"https:\/\/nutraleben.cl\/?product=stopbleed-540-gr\" \/>\n<meta property=\"og:site_name\" content=\"Nutraleben\" \/>\n<meta property=\"article:modified_time\" content=\"2025-04-30T15:47:01+00:00\" \/>\n<meta property=\"og:image\" content=\"https:\/\/nutraleben.cl\/wp-content\/uploads\/2025\/03\/PTV0032.png\" \/>\n\t<meta property=\"og:image:width\" content=\"1280\" \/>\n\t<meta property=\"og:image:height\" content=\"1280\" \/>\n\t<meta property=\"og:image:type\" content=\"image\/png\" \/>\n<meta name=\"twitter:card\" content=\"summary_large_image\" \/>\n<meta name=\"twitter:label1\" content=\"Tiempo de lectura\" \/>\n\t<meta name=\"twitter:data1\" content=\"1 minuto\" \/>\n<script type=\"application\/ld+json\" class=\"yoast-schema-graph\">{\"@context\":\"https:\\\/\\\/schema.org\",\"@graph\":[{\"@type\":\"WebPage\",\"@id\":\"https:\\\/\\\/nutraleben.cl\\\/?product=stopbleed-540-gr\",\"url\":\"https:\\\/\\\/nutraleben.cl\\\/?product=stopbleed-540-gr\",\"name\":\"Stopbleed \u2013 540 g - Nutraleben\",\"isPartOf\":{\"@id\":\"https:\\\/\\\/nutraleben.cl\\\/#website\"},\"primaryImageOfPage\":{\"@id\":\"https:\\\/\\\/nutraleben.cl\\\/?product=stopbleed-540-gr#primaryimage\"},\"image\":{\"@id\":\"https:\\\/\\\/nutraleben.cl\\\/?product=stopbleed-540-gr#primaryimage\"},\"thumbnailUrl\":\"https:\\\/\\\/nutraleben.cl\\\/wp-content\\\/uploads\\\/2025\\\/03\\\/PTV0032.png\",\"datePublished\":\"2025-03-20T12:45:18+00:00\",\"dateModified\":\"2025-04-30T15:47:01+00:00\",\"breadcrumb\":{\"@id\":\"https:\\\/\\\/nutraleben.cl\\\/?product=stopbleed-540-gr#breadcrumb\"},\"inLanguage\":\"es\",\"potentialAction\":[{\"@type\":\"ReadAction\",\"target\":[\"https:\\\/\\\/nutraleben.cl\\\/?product=stopbleed-540-gr\"]}]},{\"@type\":\"ImageObject\",\"inLanguage\":\"es\",\"@id\":\"https:\\\/\\\/nutraleben.cl\\\/?product=stopbleed-540-gr#primaryimage\",\"url\":\"https:\\\/\\\/nutraleben.cl\\\/wp-content\\\/uploads\\\/2025\\\/03\\\/PTV0032.png\",\"contentUrl\":\"https:\\\/\\\/nutraleben.cl\\\/wp-content\\\/uploads\\\/2025\\\/03\\\/PTV0032.png\",\"width\":1280,\"height\":1280},{\"@type\":\"BreadcrumbList\",\"@id\":\"https:\\\/\\\/nutraleben.cl\\\/?product=stopbleed-540-gr#breadcrumb\",\"itemListElement\":[{\"@type\":\"ListItem\",\"position\":1,\"name\":\"Portada\",\"item\":\"https:\\\/\\\/nutraleben.cl\\\/\"},{\"@type\":\"ListItem\",\"position\":2,\"name\":\"TODOS LOS PRODUCTOS\",\"item\":\"https:\\\/\\\/nutraleben.cl\\\/?page_id=6\"},{\"@type\":\"ListItem\",\"position\":3,\"name\":\"Stopbleed \u2013 540 g\"}]},{\"@type\":\"WebSite\",\"@id\":\"https:\\\/\\\/nutraleben.cl\\\/#website\",\"url\":\"https:\\\/\\\/nutraleben.cl\\\/\",\"name\":\"Nutraleben\",\"description\":\"\",\"publisher\":{\"@id\":\"https:\\\/\\\/nutraleben.cl\\\/#organization\"},\"potentialAction\":[{\"@type\":\"SearchAction\",\"target\":{\"@type\":\"EntryPoint\",\"urlTemplate\":\"https:\\\/\\\/nutraleben.cl\\\/?s={search_term_string}\"},\"query-input\":{\"@type\":\"PropertyValueSpecification\",\"valueRequired\":true,\"valueName\":\"search_term_string\"}}],\"inLanguage\":\"es\"},{\"@type\":\"Organization\",\"@id\":\"https:\\\/\\\/nutraleben.cl\\\/#organization\",\"name\":\"Nutraleben\",\"url\":\"https:\\\/\\\/nutraleben.cl\\\/\",\"logo\":{\"@type\":\"ImageObject\",\"inLanguage\":\"es\",\"@id\":\"https:\\\/\\\/nutraleben.cl\\\/#\\\/schema\\\/logo\\\/image\\\/\",\"url\":\"https:\\\/\\\/nutraleben.cl\\\/wp-content\\\/uploads\\\/2025\\\/04\\\/cropped-LOGO-NUTRALEBEN.webp\",\"contentUrl\":\"https:\\\/\\\/nutraleben.cl\\\/wp-content\\\/uploads\\\/2025\\\/04\\\/cropped-LOGO-NUTRALEBEN.webp\",\"width\":400,\"height\":119,\"caption\":\"Nutraleben\"},\"image\":{\"@id\":\"https:\\\/\\\/nutraleben.cl\\\/#\\\/schema\\\/logo\\\/image\\\/\"}}]}<\/script>\n<!-- \/ Yoast SEO plugin. -->","yoast_head_json":{"title":"Stopbleed \u2013 540 g - Nutraleben","robots":{"index":"index","follow":"follow","max-snippet":"max-snippet:-1","max-image-preview":"max-image-preview:large","max-video-preview":"max-video-preview:-1"},"canonical":"https:\/\/nutraleben.cl\/?product=stopbleed-540-gr","og_locale":"es_ES","og_type":"article","og_title":"Stopbleed \u2013 540 g - Nutraleben","og_description":"Stopbleed 540 gr - Beneficios esenciales para energ\u00eda, bienestar y salud \u00f3ptima.","og_url":"https:\/\/nutraleben.cl\/?product=stopbleed-540-gr","og_site_name":"Nutraleben","article_modified_time":"2025-04-30T15:47:01+00:00","og_image":[{"width":1280,"height":1280,"url":"https:\/\/nutraleben.cl\/wp-content\/uploads\/2025\/03\/PTV0032.png","type":"image\/png"}],"twitter_card":"summary_large_image","twitter_misc":{"Tiempo de lectura":"1 minuto"},"schema":{"@context":"https:\/\/schema.org","@graph":[{"@type":"WebPage","@id":"https:\/\/nutraleben.cl\/?product=stopbleed-540-gr","url":"https:\/\/nutraleben.cl\/?product=stopbleed-540-gr","name":"Stopbleed \u2013 540 g - Nutraleben","isPartOf":{"@id":"https:\/\/nutraleben.cl\/#website"},"primaryImageOfPage":{"@id":"https:\/\/nutraleben.cl\/?product=stopbleed-540-gr#primaryimage"},"image":{"@id":"https:\/\/nutraleben.cl\/?product=stopbleed-540-gr#primaryimage"},"thumbnailUrl":"https:\/\/nutraleben.cl\/wp-content\/uploads\/2025\/03\/PTV0032.png","datePublished":"2025-03-20T12:45:18+00:00","dateModified":"2025-04-30T15:47:01+00:00","breadcrumb":{"@id":"https:\/\/nutraleben.cl\/?product=stopbleed-540-gr#breadcrumb"},"inLanguage":"es","potentialAction":[{"@type":"ReadAction","target":["https:\/\/nutraleben.cl\/?product=stopbleed-540-gr"]}]},{"@type":"ImageObject","inLanguage":"es","@id":"https:\/\/nutraleben.cl\/?product=stopbleed-540-gr#primaryimage","url":"https:\/\/nutraleben.cl\/wp-content\/uploads\/2025\/03\/PTV0032.png","contentUrl":"https:\/\/nutraleben.cl\/wp-content\/uploads\/2025\/03\/PTV0032.png","width":1280,"height":1280},{"@type":"BreadcrumbList","@id":"https:\/\/nutraleben.cl\/?product=stopbleed-540-gr#breadcrumb","itemListElement":[{"@type":"ListItem","position":1,"name":"Portada","item":"https:\/\/nutraleben.cl\/"},{"@type":"ListItem","position":2,"name":"TODOS LOS PRODUCTOS","item":"https:\/\/nutraleben.cl\/?page_id=6"},{"@type":"ListItem","position":3,"name":"Stopbleed \u2013 540 g"}]},{"@type":"WebSite","@id":"https:\/\/nutraleben.cl\/#website","url":"https:\/\/nutraleben.cl\/","name":"Nutraleben","description":"","publisher":{"@id":"https:\/\/nutraleben.cl\/#organization"},"potentialAction":[{"@type":"SearchAction","target":{"@type":"EntryPoint","urlTemplate":"https:\/\/nutraleben.cl\/?s={search_term_string}"},"query-input":{"@type":"PropertyValueSpecification","valueRequired":true,"valueName":"search_term_string"}}],"inLanguage":"es"},{"@type":"Organization","@id":"https:\/\/nutraleben.cl\/#organization","name":"Nutraleben","url":"https:\/\/nutraleben.cl\/","logo":{"@type":"ImageObject","inLanguage":"es","@id":"https:\/\/nutraleben.cl\/#\/schema\/logo\/image\/","url":"https:\/\/nutraleben.cl\/wp-content\/uploads\/2025\/04\/cropped-LOGO-NUTRALEBEN.webp","contentUrl":"https:\/\/nutraleben.cl\/wp-content\/uploads\/2025\/04\/cropped-LOGO-NUTRALEBEN.webp","width":400,"height":119,"caption":"Nutraleben"},"image":{"@id":"https:\/\/nutraleben.cl\/#\/schema\/logo\/image\/"}}]}},"jetpack_sharing_enabled":true,"_links":{"self":[{"href":"https:\/\/nutraleben.cl\/index.php?rest_route=\/wp\/v2\/product\/389","targetHints":{"allow":["GET"]}}],"collection":[{"href":"https:\/\/nutraleben.cl\/index.php?rest_route=\/wp\/v2\/product"}],"about":[{"href":"https:\/\/nutraleben.cl\/index.php?rest_route=\/wp\/v2\/types\/product"}],"replies":[{"embeddable":true,"href":"https:\/\/nutraleben.cl\/index.php?rest_route=%2Fwp%2Fv2%2Fcomments&post=389"}],"version-history":[{"count":1,"href":"https:\/\/nutraleben.cl\/index.php?rest_route=\/wp\/v2\/product\/389\/revisions"}],"predecessor-version":[{"id":1150,"href":"https:\/\/nutraleben.cl\/index.php?rest_route=\/wp\/v2\/product\/389\/revisions\/1150"}],"wp:featuredmedia":[{"embeddable":true,"href":"https:\/\/nutraleben.cl\/index.php?rest_route=\/wp\/v2\/media\/427"}],"wp:attachment":[{"href":"https:\/\/nutraleben.cl\/index.php?rest_route=%2Fwp%2Fv2%2Fmedia&parent=389"}],"wp:term":[{"taxonomy":"product_brand","embeddable":true,"href":"https:\/\/nutraleben.cl\/index.php?rest_route=%2Fwp%2Fv2%2Fproduct_brand&post=389"},{"taxonomy":"product_cat","embeddable":true,"href":"https:\/\/nutraleben.cl\/index.php?rest_route=%2Fwp%2Fv2%2Fproduct_cat&post=389"},{"taxonomy":"product_tag","embeddable":true,"href":"https:\/\/nutraleben.cl\/index.php?rest_route=%2Fwp%2Fv2%2Fproduct_tag&post=389"}],"curies":[{"name":"wp","href":"https:\/\/api.w.org\/{rel}","templated":true}]}}