{"id":367,"date":"2025-03-20T13:44:55","date_gmt":"2025-03-20T12:44:55","guid":{"rendered":"https:\/\/nutraleben.cl\/?post_type=product&#038;p=367"},"modified":"2025-04-30T18:45:27","modified_gmt":"2025-04-30T16:45:27","slug":"creatina-80-horse-manzana-1-kg","status":"publish","type":"product","link":"https:\/\/nutraleben.cl\/?product=creatina-80-horse-manzana-1-kg","title":{"rendered":"Creatina 80% Horse \u2013 Sabor Manzana 1 kg"},"content":{"rendered":"<p><strong>Potencia muscular, resistencia y recuperaci\u00f3n para caballos de alto rendimiento<\/strong><\/p>\n<p>La <strong>Creatina 80% Horse de Nutraleben<\/strong> sabor manzana es un suplemento nutricional dise\u00f1ado especialmente para <strong>caballos deportivos, de trabajo o en entrenamiento intensivo<\/strong>. Su f\u00f3rmula concentrada con creatina de alta pureza mejora la fuerza, la resistencia y acelera la recuperaci\u00f3n muscular, ayudando a mantener al animal en condiciones f\u00edsicas \u00f3ptimas.<\/p>\n<p><strong>Beneficios destacados:<\/strong><\/p>\n<ul>\n<li>\ud83d\udcaa <strong>Aumenta la masa muscular y la potencia f\u00edsica<\/strong>, mejorando el rendimiento deportivo.<\/li>\n<li>\ud83d\udd01 <strong>Acelera la recuperaci\u00f3n post-ejercicio<\/strong>, reduciendo el tiempo de fatiga muscular.<\/li>\n<li>\ud83c\udf4f <strong>Sabor manzana altamente palatable<\/strong>, facilita su administraci\u00f3n con la raci\u00f3n diaria.<\/li>\n<\/ul>\n<p><strong>Modo de uso:<\/strong> Administrar seg\u00fan indicaci\u00f3n del m\u00e9dico veterinario, mezclado con el alimento o disuelto en agua.<br \/>\n<strong>Contenido:<\/strong> 1 kilogramo.<\/p>\n","protected":false},"excerpt":{"rendered":"<p>Creatina 80 % Horse Manzana 1 Kg &#8211; Beneficios esenciales para energ\u00eda, bienestar y salud \u00f3ptima.<\/p>\n","protected":false},"featured_media":409,"comment_status":"open","ping_status":"closed","template":"","meta":[],"product_brand":[],"product_cat":[19],"product_tag":[67,162,159,161,39,160,20],"class_list":{"0":"post-367","1":"product","2":"type-product","3":"status-publish","4":"has-post-thumbnail","6":"product_cat-veterinaria","7":"product_tag-creatina-equina-nutraleben","8":"product_tag-creatina-para-caballos-1-kg","9":"product_tag-creatina-sabor-manzana-equina","10":"product_tag-creatina-veterinaria-alta-pureza","11":"product_tag-linea-horse","12":"product_tag-suplemento-muscular-caballo","13":"product_tag-vet-life","15":"first","16":"instock","17":"sale","18":"taxable","19":"shipping-taxable","20":"purchasable","21":"product-type-simple"},"yoast_head":"<!-- This site is optimized with the Yoast SEO plugin v27.4 - https:\/\/yoast.com\/product\/yoast-seo-wordpress\/ -->\n<title>Creatina 80% Horse \u2013 Sabor Manzana 1 kg - Nutraleben<\/title>\n<meta name=\"robots\" content=\"index, follow, max-snippet:-1, max-image-preview:large, max-video-preview:-1\" \/>\n<link rel=\"canonical\" href=\"https:\/\/nutraleben.cl\/?product=creatina-80-horse-manzana-1-kg\" \/>\n<meta property=\"og:locale\" content=\"es_ES\" \/>\n<meta property=\"og:type\" content=\"article\" \/>\n<meta property=\"og:title\" content=\"Creatina 80% Horse \u2013 Sabor Manzana 1 kg - Nutraleben\" \/>\n<meta property=\"og:description\" content=\"Creatina 80 % Horse Manzana 1 Kg - Beneficios esenciales para energ\u00eda, bienestar y salud \u00f3ptima.\" \/>\n<meta property=\"og:url\" content=\"https:\/\/nutraleben.cl\/?product=creatina-80-horse-manzana-1-kg\" \/>\n<meta property=\"og:site_name\" content=\"Nutraleben\" \/>\n<meta property=\"article:modified_time\" content=\"2025-04-30T16:45:27+00:00\" \/>\n<meta property=\"og:image\" content=\"https:\/\/nutraleben.cl\/wp-content\/uploads\/2025\/03\/PTV0009.png\" \/>\n\t<meta property=\"og:image:width\" content=\"1280\" \/>\n\t<meta property=\"og:image:height\" content=\"1280\" \/>\n\t<meta property=\"og:image:type\" content=\"image\/png\" \/>\n<meta name=\"twitter:card\" content=\"summary_large_image\" \/>\n<meta name=\"twitter:label1\" content=\"Tiempo de lectura\" \/>\n\t<meta name=\"twitter:data1\" content=\"1 minuto\" \/>\n<script type=\"application\/ld+json\" class=\"yoast-schema-graph\">{\"@context\":\"https:\\\/\\\/schema.org\",\"@graph\":[{\"@type\":\"WebPage\",\"@id\":\"https:\\\/\\\/nutraleben.cl\\\/?product=creatina-80-horse-manzana-1-kg\",\"url\":\"https:\\\/\\\/nutraleben.cl\\\/?product=creatina-80-horse-manzana-1-kg\",\"name\":\"Creatina 80% Horse \u2013 Sabor Manzana 1 kg - Nutraleben\",\"isPartOf\":{\"@id\":\"https:\\\/\\\/nutraleben.cl\\\/#website\"},\"primaryImageOfPage\":{\"@id\":\"https:\\\/\\\/nutraleben.cl\\\/?product=creatina-80-horse-manzana-1-kg#primaryimage\"},\"image\":{\"@id\":\"https:\\\/\\\/nutraleben.cl\\\/?product=creatina-80-horse-manzana-1-kg#primaryimage\"},\"thumbnailUrl\":\"https:\\\/\\\/nutraleben.cl\\\/wp-content\\\/uploads\\\/2025\\\/03\\\/PTV0009.png\",\"datePublished\":\"2025-03-20T12:44:55+00:00\",\"dateModified\":\"2025-04-30T16:45:27+00:00\",\"breadcrumb\":{\"@id\":\"https:\\\/\\\/nutraleben.cl\\\/?product=creatina-80-horse-manzana-1-kg#breadcrumb\"},\"inLanguage\":\"es\",\"potentialAction\":[{\"@type\":\"ReadAction\",\"target\":[\"https:\\\/\\\/nutraleben.cl\\\/?product=creatina-80-horse-manzana-1-kg\"]}]},{\"@type\":\"ImageObject\",\"inLanguage\":\"es\",\"@id\":\"https:\\\/\\\/nutraleben.cl\\\/?product=creatina-80-horse-manzana-1-kg#primaryimage\",\"url\":\"https:\\\/\\\/nutraleben.cl\\\/wp-content\\\/uploads\\\/2025\\\/03\\\/PTV0009.png\",\"contentUrl\":\"https:\\\/\\\/nutraleben.cl\\\/wp-content\\\/uploads\\\/2025\\\/03\\\/PTV0009.png\",\"width\":1280,\"height\":1280},{\"@type\":\"BreadcrumbList\",\"@id\":\"https:\\\/\\\/nutraleben.cl\\\/?product=creatina-80-horse-manzana-1-kg#breadcrumb\",\"itemListElement\":[{\"@type\":\"ListItem\",\"position\":1,\"name\":\"Portada\",\"item\":\"https:\\\/\\\/nutraleben.cl\\\/\"},{\"@type\":\"ListItem\",\"position\":2,\"name\":\"TODOS LOS PRODUCTOS\",\"item\":\"https:\\\/\\\/nutraleben.cl\\\/?page_id=6\"},{\"@type\":\"ListItem\",\"position\":3,\"name\":\"Creatina 80% Horse \u2013 Sabor Manzana 1 kg\"}]},{\"@type\":\"WebSite\",\"@id\":\"https:\\\/\\\/nutraleben.cl\\\/#website\",\"url\":\"https:\\\/\\\/nutraleben.cl\\\/\",\"name\":\"Nutraleben\",\"description\":\"\",\"publisher\":{\"@id\":\"https:\\\/\\\/nutraleben.cl\\\/#organization\"},\"potentialAction\":[{\"@type\":\"SearchAction\",\"target\":{\"@type\":\"EntryPoint\",\"urlTemplate\":\"https:\\\/\\\/nutraleben.cl\\\/?s={search_term_string}\"},\"query-input\":{\"@type\":\"PropertyValueSpecification\",\"valueRequired\":true,\"valueName\":\"search_term_string\"}}],\"inLanguage\":\"es\"},{\"@type\":\"Organization\",\"@id\":\"https:\\\/\\\/nutraleben.cl\\\/#organization\",\"name\":\"Nutraleben\",\"url\":\"https:\\\/\\\/nutraleben.cl\\\/\",\"logo\":{\"@type\":\"ImageObject\",\"inLanguage\":\"es\",\"@id\":\"https:\\\/\\\/nutraleben.cl\\\/#\\\/schema\\\/logo\\\/image\\\/\",\"url\":\"https:\\\/\\\/nutraleben.cl\\\/wp-content\\\/uploads\\\/2025\\\/04\\\/cropped-LOGO-NUTRALEBEN.webp\",\"contentUrl\":\"https:\\\/\\\/nutraleben.cl\\\/wp-content\\\/uploads\\\/2025\\\/04\\\/cropped-LOGO-NUTRALEBEN.webp\",\"width\":400,\"height\":119,\"caption\":\"Nutraleben\"},\"image\":{\"@id\":\"https:\\\/\\\/nutraleben.cl\\\/#\\\/schema\\\/logo\\\/image\\\/\"}}]}<\/script>\n<!-- \/ Yoast SEO plugin. -->","yoast_head_json":{"title":"Creatina 80% Horse \u2013 Sabor Manzana 1 kg - Nutraleben","robots":{"index":"index","follow":"follow","max-snippet":"max-snippet:-1","max-image-preview":"max-image-preview:large","max-video-preview":"max-video-preview:-1"},"canonical":"https:\/\/nutraleben.cl\/?product=creatina-80-horse-manzana-1-kg","og_locale":"es_ES","og_type":"article","og_title":"Creatina 80% Horse \u2013 Sabor Manzana 1 kg - Nutraleben","og_description":"Creatina 80 % Horse Manzana 1 Kg - Beneficios esenciales para energ\u00eda, bienestar y salud \u00f3ptima.","og_url":"https:\/\/nutraleben.cl\/?product=creatina-80-horse-manzana-1-kg","og_site_name":"Nutraleben","article_modified_time":"2025-04-30T16:45:27+00:00","og_image":[{"width":1280,"height":1280,"url":"https:\/\/nutraleben.cl\/wp-content\/uploads\/2025\/03\/PTV0009.png","type":"image\/png"}],"twitter_card":"summary_large_image","twitter_misc":{"Tiempo de lectura":"1 minuto"},"schema":{"@context":"https:\/\/schema.org","@graph":[{"@type":"WebPage","@id":"https:\/\/nutraleben.cl\/?product=creatina-80-horse-manzana-1-kg","url":"https:\/\/nutraleben.cl\/?product=creatina-80-horse-manzana-1-kg","name":"Creatina 80% Horse \u2013 Sabor Manzana 1 kg - Nutraleben","isPartOf":{"@id":"https:\/\/nutraleben.cl\/#website"},"primaryImageOfPage":{"@id":"https:\/\/nutraleben.cl\/?product=creatina-80-horse-manzana-1-kg#primaryimage"},"image":{"@id":"https:\/\/nutraleben.cl\/?product=creatina-80-horse-manzana-1-kg#primaryimage"},"thumbnailUrl":"https:\/\/nutraleben.cl\/wp-content\/uploads\/2025\/03\/PTV0009.png","datePublished":"2025-03-20T12:44:55+00:00","dateModified":"2025-04-30T16:45:27+00:00","breadcrumb":{"@id":"https:\/\/nutraleben.cl\/?product=creatina-80-horse-manzana-1-kg#breadcrumb"},"inLanguage":"es","potentialAction":[{"@type":"ReadAction","target":["https:\/\/nutraleben.cl\/?product=creatina-80-horse-manzana-1-kg"]}]},{"@type":"ImageObject","inLanguage":"es","@id":"https:\/\/nutraleben.cl\/?product=creatina-80-horse-manzana-1-kg#primaryimage","url":"https:\/\/nutraleben.cl\/wp-content\/uploads\/2025\/03\/PTV0009.png","contentUrl":"https:\/\/nutraleben.cl\/wp-content\/uploads\/2025\/03\/PTV0009.png","width":1280,"height":1280},{"@type":"BreadcrumbList","@id":"https:\/\/nutraleben.cl\/?product=creatina-80-horse-manzana-1-kg#breadcrumb","itemListElement":[{"@type":"ListItem","position":1,"name":"Portada","item":"https:\/\/nutraleben.cl\/"},{"@type":"ListItem","position":2,"name":"TODOS LOS PRODUCTOS","item":"https:\/\/nutraleben.cl\/?page_id=6"},{"@type":"ListItem","position":3,"name":"Creatina 80% Horse \u2013 Sabor Manzana 1 kg"}]},{"@type":"WebSite","@id":"https:\/\/nutraleben.cl\/#website","url":"https:\/\/nutraleben.cl\/","name":"Nutraleben","description":"","publisher":{"@id":"https:\/\/nutraleben.cl\/#organization"},"potentialAction":[{"@type":"SearchAction","target":{"@type":"EntryPoint","urlTemplate":"https:\/\/nutraleben.cl\/?s={search_term_string}"},"query-input":{"@type":"PropertyValueSpecification","valueRequired":true,"valueName":"search_term_string"}}],"inLanguage":"es"},{"@type":"Organization","@id":"https:\/\/nutraleben.cl\/#organization","name":"Nutraleben","url":"https:\/\/nutraleben.cl\/","logo":{"@type":"ImageObject","inLanguage":"es","@id":"https:\/\/nutraleben.cl\/#\/schema\/logo\/image\/","url":"https:\/\/nutraleben.cl\/wp-content\/uploads\/2025\/04\/cropped-LOGO-NUTRALEBEN.webp","contentUrl":"https:\/\/nutraleben.cl\/wp-content\/uploads\/2025\/04\/cropped-LOGO-NUTRALEBEN.webp","width":400,"height":119,"caption":"Nutraleben"},"image":{"@id":"https:\/\/nutraleben.cl\/#\/schema\/logo\/image\/"}}]}},"jetpack_sharing_enabled":true,"_links":{"self":[{"href":"https:\/\/nutraleben.cl\/index.php?rest_route=\/wp\/v2\/product\/367","targetHints":{"allow":["GET"]}}],"collection":[{"href":"https:\/\/nutraleben.cl\/index.php?rest_route=\/wp\/v2\/product"}],"about":[{"href":"https:\/\/nutraleben.cl\/index.php?rest_route=\/wp\/v2\/types\/product"}],"replies":[{"embeddable":true,"href":"https:\/\/nutraleben.cl\/index.php?rest_route=%2Fwp%2Fv2%2Fcomments&post=367"}],"version-history":[{"count":1,"href":"https:\/\/nutraleben.cl\/index.php?rest_route=\/wp\/v2\/product\/367\/revisions"}],"predecessor-version":[{"id":1166,"href":"https:\/\/nutraleben.cl\/index.php?rest_route=\/wp\/v2\/product\/367\/revisions\/1166"}],"wp:featuredmedia":[{"embeddable":true,"href":"https:\/\/nutraleben.cl\/index.php?rest_route=\/wp\/v2\/media\/409"}],"wp:attachment":[{"href":"https:\/\/nutraleben.cl\/index.php?rest_route=%2Fwp%2Fv2%2Fmedia&parent=367"}],"wp:term":[{"taxonomy":"product_brand","embeddable":true,"href":"https:\/\/nutraleben.cl\/index.php?rest_route=%2Fwp%2Fv2%2Fproduct_brand&post=367"},{"taxonomy":"product_cat","embeddable":true,"href":"https:\/\/nutraleben.cl\/index.php?rest_route=%2Fwp%2Fv2%2Fproduct_cat&post=367"},{"taxonomy":"product_tag","embeddable":true,"href":"https:\/\/nutraleben.cl\/index.php?rest_route=%2Fwp%2Fv2%2Fproduct_tag&post=367"}],"curies":[{"name":"wp","href":"https:\/\/api.w.org\/{rel}","templated":true}]}}