{"id":347,"date":"2025-03-20T13:44:32","date_gmt":"2025-03-20T12:44:32","guid":{"rendered":"https:\/\/nutraleben.cl\/?post_type=product&#038;p=347"},"modified":"2025-04-30T19:25:31","modified_gmt":"2025-04-30T17:25:31","slug":"aci-k-250-gr","status":"publish","type":"product","link":"https:\/\/nutraleben.cl\/?product=aci-k-250-gr","title":{"rendered":"Aci-K \u2013 250 g"},"content":{"rendered":"<p><strong style=\"font-size: 1rem;\">Equilibrio \u00e1cido-base y bienestar digestivo desde adentro<\/strong><\/p>\n<p><strong>Aci-K de Nutraleben<\/strong> es un suplemento en polvo formulado para <strong>ayudar a alcalinizar el organismo<\/strong>, favoreciendo el equilibrio \u00e1cido-base, especialmente \u00fatil en personas con dietas acidificantes, estr\u00e9s cr\u00f3nico o afecciones digestivas. Ideal para quienes buscan mejorar su metabolismo, reducir la acidez y promover una mejor absorci\u00f3n de nutrientes.<\/p>\n<p><strong>Beneficios destacados:<\/strong><\/p>\n<ul>\n<li>\ud83e\uddea <strong>Ayuda a regular el pH corporal<\/strong>, promoviendo un entorno interno alcalino y saludable.<\/li>\n<li>\ud83d\udca7 <strong>Favorece la salud digestiva<\/strong>, ayudando a combatir la acidez g\u00e1strica y el reflujo.<\/li>\n<li>\u2696\ufe0f <strong>Contribuye al metabolismo general y al equilibrio mineral<\/strong>, ideal para personas con fatiga o inflamaci\u00f3n.<\/li>\n<\/ul>\n<p><strong>Modo de uso:<\/strong> Disolver 1 cucharadita (5 g) en un vaso de agua, 1 a 2 veces al d\u00eda, preferentemente entre comidas.<br \/>\n<strong>Contenido:<\/strong> 250 gramos.<\/p>\n","protected":false},"excerpt":{"rendered":"<p>Aci-K 250 gr &#8211; Beneficios esenciales para energ\u00eda, bienestar y salud \u00f3ptima.<\/p>\n","protected":false},"featured_media":401,"comment_status":"open","ping_status":"closed","template":"","meta":[],"product_brand":[],"product_cat":[24],"product_tag":[228,226,225,31,229,227],"class_list":{"0":"post-347","1":"product","2":"type-product","3":"status-publish","4":"has-post-thumbnail","6":"product_cat-metabolismo-prevencion-digestiva-y-urinaria","7":"product_tag-aci-k-nutraleben-250-g","8":"product_tag-aci-k-suplemento-equilibrio-acido-base","9":"product_tag-alcalinizante-natural-uso-humano","10":"product_tag-biologic-herbal","11":"product_tag-salud-metabolica-y-ph-corporal","12":"product_tag-suplemento-para-acidez-y-digestion","14":"first","15":"instock","16":"sale","17":"featured","18":"taxable","19":"shipping-taxable","20":"purchasable","21":"product-type-simple"},"yoast_head":"<!-- This site is optimized with the Yoast SEO plugin v27.4 - https:\/\/yoast.com\/product\/yoast-seo-wordpress\/ -->\n<title>Aci-K \u2013 250 g - Nutraleben<\/title>\n<meta name=\"robots\" content=\"index, follow, max-snippet:-1, max-image-preview:large, max-video-preview:-1\" \/>\n<link rel=\"canonical\" href=\"https:\/\/nutraleben.cl\/?product=aci-k-250-gr\" \/>\n<meta property=\"og:locale\" content=\"es_ES\" \/>\n<meta property=\"og:type\" content=\"article\" \/>\n<meta property=\"og:title\" content=\"Aci-K \u2013 250 g - Nutraleben\" \/>\n<meta property=\"og:description\" content=\"Aci-K 250 gr - Beneficios esenciales para energ\u00eda, bienestar y salud \u00f3ptima.\" \/>\n<meta property=\"og:url\" content=\"https:\/\/nutraleben.cl\/?product=aci-k-250-gr\" \/>\n<meta property=\"og:site_name\" content=\"Nutraleben\" \/>\n<meta property=\"article:modified_time\" content=\"2025-04-30T17:25:31+00:00\" \/>\n<meta property=\"og:image\" content=\"https:\/\/nutraleben.cl\/wp-content\/uploads\/2025\/03\/PTH0701-1.png\" \/>\n\t<meta property=\"og:image:width\" content=\"1280\" \/>\n\t<meta property=\"og:image:height\" content=\"1280\" \/>\n\t<meta property=\"og:image:type\" content=\"image\/png\" \/>\n<meta name=\"twitter:card\" content=\"summary_large_image\" \/>\n<meta name=\"twitter:label1\" content=\"Tiempo de lectura\" \/>\n\t<meta name=\"twitter:data1\" content=\"1 minuto\" \/>\n<script type=\"application\/ld+json\" class=\"yoast-schema-graph\">{\"@context\":\"https:\\\/\\\/schema.org\",\"@graph\":[{\"@type\":\"WebPage\",\"@id\":\"https:\\\/\\\/nutraleben.cl\\\/?product=aci-k-250-gr\",\"url\":\"https:\\\/\\\/nutraleben.cl\\\/?product=aci-k-250-gr\",\"name\":\"Aci-K \u2013 250 g - Nutraleben\",\"isPartOf\":{\"@id\":\"https:\\\/\\\/nutraleben.cl\\\/#website\"},\"primaryImageOfPage\":{\"@id\":\"https:\\\/\\\/nutraleben.cl\\\/?product=aci-k-250-gr#primaryimage\"},\"image\":{\"@id\":\"https:\\\/\\\/nutraleben.cl\\\/?product=aci-k-250-gr#primaryimage\"},\"thumbnailUrl\":\"https:\\\/\\\/nutraleben.cl\\\/wp-content\\\/uploads\\\/2025\\\/03\\\/PTH0701-1.png\",\"datePublished\":\"2025-03-20T12:44:32+00:00\",\"dateModified\":\"2025-04-30T17:25:31+00:00\",\"breadcrumb\":{\"@id\":\"https:\\\/\\\/nutraleben.cl\\\/?product=aci-k-250-gr#breadcrumb\"},\"inLanguage\":\"es\",\"potentialAction\":[{\"@type\":\"ReadAction\",\"target\":[\"https:\\\/\\\/nutraleben.cl\\\/?product=aci-k-250-gr\"]}]},{\"@type\":\"ImageObject\",\"inLanguage\":\"es\",\"@id\":\"https:\\\/\\\/nutraleben.cl\\\/?product=aci-k-250-gr#primaryimage\",\"url\":\"https:\\\/\\\/nutraleben.cl\\\/wp-content\\\/uploads\\\/2025\\\/03\\\/PTH0701-1.png\",\"contentUrl\":\"https:\\\/\\\/nutraleben.cl\\\/wp-content\\\/uploads\\\/2025\\\/03\\\/PTH0701-1.png\",\"width\":1280,\"height\":1280},{\"@type\":\"BreadcrumbList\",\"@id\":\"https:\\\/\\\/nutraleben.cl\\\/?product=aci-k-250-gr#breadcrumb\",\"itemListElement\":[{\"@type\":\"ListItem\",\"position\":1,\"name\":\"Portada\",\"item\":\"https:\\\/\\\/nutraleben.cl\\\/\"},{\"@type\":\"ListItem\",\"position\":2,\"name\":\"TODOS LOS PRODUCTOS\",\"item\":\"https:\\\/\\\/nutraleben.cl\\\/?page_id=6\"},{\"@type\":\"ListItem\",\"position\":3,\"name\":\"Aci-K \u2013 250 g\"}]},{\"@type\":\"WebSite\",\"@id\":\"https:\\\/\\\/nutraleben.cl\\\/#website\",\"url\":\"https:\\\/\\\/nutraleben.cl\\\/\",\"name\":\"Nutraleben\",\"description\":\"\",\"publisher\":{\"@id\":\"https:\\\/\\\/nutraleben.cl\\\/#organization\"},\"potentialAction\":[{\"@type\":\"SearchAction\",\"target\":{\"@type\":\"EntryPoint\",\"urlTemplate\":\"https:\\\/\\\/nutraleben.cl\\\/?s={search_term_string}\"},\"query-input\":{\"@type\":\"PropertyValueSpecification\",\"valueRequired\":true,\"valueName\":\"search_term_string\"}}],\"inLanguage\":\"es\"},{\"@type\":\"Organization\",\"@id\":\"https:\\\/\\\/nutraleben.cl\\\/#organization\",\"name\":\"Nutraleben\",\"url\":\"https:\\\/\\\/nutraleben.cl\\\/\",\"logo\":{\"@type\":\"ImageObject\",\"inLanguage\":\"es\",\"@id\":\"https:\\\/\\\/nutraleben.cl\\\/#\\\/schema\\\/logo\\\/image\\\/\",\"url\":\"https:\\\/\\\/nutraleben.cl\\\/wp-content\\\/uploads\\\/2025\\\/04\\\/cropped-LOGO-NUTRALEBEN.webp\",\"contentUrl\":\"https:\\\/\\\/nutraleben.cl\\\/wp-content\\\/uploads\\\/2025\\\/04\\\/cropped-LOGO-NUTRALEBEN.webp\",\"width\":400,\"height\":119,\"caption\":\"Nutraleben\"},\"image\":{\"@id\":\"https:\\\/\\\/nutraleben.cl\\\/#\\\/schema\\\/logo\\\/image\\\/\"}}]}<\/script>\n<!-- \/ Yoast SEO plugin. -->","yoast_head_json":{"title":"Aci-K \u2013 250 g - Nutraleben","robots":{"index":"index","follow":"follow","max-snippet":"max-snippet:-1","max-image-preview":"max-image-preview:large","max-video-preview":"max-video-preview:-1"},"canonical":"https:\/\/nutraleben.cl\/?product=aci-k-250-gr","og_locale":"es_ES","og_type":"article","og_title":"Aci-K \u2013 250 g - Nutraleben","og_description":"Aci-K 250 gr - Beneficios esenciales para energ\u00eda, bienestar y salud \u00f3ptima.","og_url":"https:\/\/nutraleben.cl\/?product=aci-k-250-gr","og_site_name":"Nutraleben","article_modified_time":"2025-04-30T17:25:31+00:00","og_image":[{"width":1280,"height":1280,"url":"https:\/\/nutraleben.cl\/wp-content\/uploads\/2025\/03\/PTH0701-1.png","type":"image\/png"}],"twitter_card":"summary_large_image","twitter_misc":{"Tiempo de lectura":"1 minuto"},"schema":{"@context":"https:\/\/schema.org","@graph":[{"@type":"WebPage","@id":"https:\/\/nutraleben.cl\/?product=aci-k-250-gr","url":"https:\/\/nutraleben.cl\/?product=aci-k-250-gr","name":"Aci-K \u2013 250 g - Nutraleben","isPartOf":{"@id":"https:\/\/nutraleben.cl\/#website"},"primaryImageOfPage":{"@id":"https:\/\/nutraleben.cl\/?product=aci-k-250-gr#primaryimage"},"image":{"@id":"https:\/\/nutraleben.cl\/?product=aci-k-250-gr#primaryimage"},"thumbnailUrl":"https:\/\/nutraleben.cl\/wp-content\/uploads\/2025\/03\/PTH0701-1.png","datePublished":"2025-03-20T12:44:32+00:00","dateModified":"2025-04-30T17:25:31+00:00","breadcrumb":{"@id":"https:\/\/nutraleben.cl\/?product=aci-k-250-gr#breadcrumb"},"inLanguage":"es","potentialAction":[{"@type":"ReadAction","target":["https:\/\/nutraleben.cl\/?product=aci-k-250-gr"]}]},{"@type":"ImageObject","inLanguage":"es","@id":"https:\/\/nutraleben.cl\/?product=aci-k-250-gr#primaryimage","url":"https:\/\/nutraleben.cl\/wp-content\/uploads\/2025\/03\/PTH0701-1.png","contentUrl":"https:\/\/nutraleben.cl\/wp-content\/uploads\/2025\/03\/PTH0701-1.png","width":1280,"height":1280},{"@type":"BreadcrumbList","@id":"https:\/\/nutraleben.cl\/?product=aci-k-250-gr#breadcrumb","itemListElement":[{"@type":"ListItem","position":1,"name":"Portada","item":"https:\/\/nutraleben.cl\/"},{"@type":"ListItem","position":2,"name":"TODOS LOS PRODUCTOS","item":"https:\/\/nutraleben.cl\/?page_id=6"},{"@type":"ListItem","position":3,"name":"Aci-K \u2013 250 g"}]},{"@type":"WebSite","@id":"https:\/\/nutraleben.cl\/#website","url":"https:\/\/nutraleben.cl\/","name":"Nutraleben","description":"","publisher":{"@id":"https:\/\/nutraleben.cl\/#organization"},"potentialAction":[{"@type":"SearchAction","target":{"@type":"EntryPoint","urlTemplate":"https:\/\/nutraleben.cl\/?s={search_term_string}"},"query-input":{"@type":"PropertyValueSpecification","valueRequired":true,"valueName":"search_term_string"}}],"inLanguage":"es"},{"@type":"Organization","@id":"https:\/\/nutraleben.cl\/#organization","name":"Nutraleben","url":"https:\/\/nutraleben.cl\/","logo":{"@type":"ImageObject","inLanguage":"es","@id":"https:\/\/nutraleben.cl\/#\/schema\/logo\/image\/","url":"https:\/\/nutraleben.cl\/wp-content\/uploads\/2025\/04\/cropped-LOGO-NUTRALEBEN.webp","contentUrl":"https:\/\/nutraleben.cl\/wp-content\/uploads\/2025\/04\/cropped-LOGO-NUTRALEBEN.webp","width":400,"height":119,"caption":"Nutraleben"},"image":{"@id":"https:\/\/nutraleben.cl\/#\/schema\/logo\/image\/"}}]}},"jetpack_sharing_enabled":true,"_links":{"self":[{"href":"https:\/\/nutraleben.cl\/index.php?rest_route=\/wp\/v2\/product\/347","targetHints":{"allow":["GET"]}}],"collection":[{"href":"https:\/\/nutraleben.cl\/index.php?rest_route=\/wp\/v2\/product"}],"about":[{"href":"https:\/\/nutraleben.cl\/index.php?rest_route=\/wp\/v2\/types\/product"}],"replies":[{"embeddable":true,"href":"https:\/\/nutraleben.cl\/index.php?rest_route=%2Fwp%2Fv2%2Fcomments&post=347"}],"version-history":[{"count":1,"href":"https:\/\/nutraleben.cl\/index.php?rest_route=\/wp\/v2\/product\/347\/revisions"}],"predecessor-version":[{"id":1180,"href":"https:\/\/nutraleben.cl\/index.php?rest_route=\/wp\/v2\/product\/347\/revisions\/1180"}],"wp:featuredmedia":[{"embeddable":true,"href":"https:\/\/nutraleben.cl\/index.php?rest_route=\/wp\/v2\/media\/401"}],"wp:attachment":[{"href":"https:\/\/nutraleben.cl\/index.php?rest_route=%2Fwp%2Fv2%2Fmedia&parent=347"}],"wp:term":[{"taxonomy":"product_brand","embeddable":true,"href":"https:\/\/nutraleben.cl\/index.php?rest_route=%2Fwp%2Fv2%2Fproduct_brand&post=347"},{"taxonomy":"product_cat","embeddable":true,"href":"https:\/\/nutraleben.cl\/index.php?rest_route=%2Fwp%2Fv2%2Fproduct_cat&post=347"},{"taxonomy":"product_tag","embeddable":true,"href":"https:\/\/nutraleben.cl\/index.php?rest_route=%2Fwp%2Fv2%2Fproduct_tag&post=347"}],"curies":[{"name":"wp","href":"https:\/\/api.w.org\/{rel}","templated":true}]}}