{"id":323,"date":"2025-03-20T13:44:10","date_gmt":"2025-03-20T12:44:10","guid":{"rendered":"https:\/\/nutraleben.cl\/?post_type=product&#038;p=323"},"modified":"2025-04-30T19:56:38","modified_gmt":"2025-04-30T17:56:38","slug":"z-bral-kids-60-capsulas","status":"publish","type":"product","link":"https:\/\/nutraleben.cl\/?product=z-bral-kids-60-capsulas","title":{"rendered":"Z-Bral Kids \u2013 60 C\u00e1psulas"},"content":{"rendered":"<p class=\"\" data-start=\"356\" data-end=\"420\"><strong data-start=\"356\" data-end=\"420\">Sue\u00f1o tranquilo y equilibrio emocional para los m\u00e1s peque\u00f1os<\/strong><\/p>\n<p class=\"\" data-start=\"422\" data-end=\"739\"><strong data-start=\"422\" data-end=\"451\">Z-Bral Kids de Nutraleben<\/strong> es un suplemento formulado especialmente para ni\u00f1os, con ingredientes naturales que <strong data-start=\"536\" data-end=\"638\">favorecen el descanso nocturno, calman la ansiedad y ayudan a regular el sistema nervioso infantil<\/strong>. Ideal para peque\u00f1os con dificultades para dormir, episodios de irritabilidad o hiperactividad leve.<\/p>\n<p class=\"\" data-start=\"741\" data-end=\"769\"><strong data-start=\"741\" data-end=\"767\">Beneficios destacados:<\/strong><\/p>\n<ul data-start=\"770\" data-end=\"1074\">\n<li class=\"\" data-start=\"770\" data-end=\"874\">\n<p class=\"\" data-start=\"772\" data-end=\"874\">\ud83c\udf19 <strong data-start=\"775\" data-end=\"817\">Promueve un sue\u00f1o profundo y reparador<\/strong>, ayudando a establecer rutinas de descanso saludables.<\/p>\n<\/li>\n<li class=\"\" data-start=\"875\" data-end=\"972\">\n<p class=\"\" data-start=\"877\" data-end=\"972\">\ud83d\ude0c <strong data-start=\"880\" data-end=\"944\">Reduce el nerviosismo, la irritabilidad y el estr\u00e9s infantil<\/strong>, sin generar dependencia.<\/p>\n<\/li>\n<li class=\"\" data-start=\"973\" data-end=\"1074\">\n<p class=\"\" data-start=\"975\" data-end=\"1074\">\ud83e\udde0 <strong data-start=\"978\" data-end=\"1020\">Apoya el desarrollo emocional y mental<\/strong>, favoreciendo la concentraci\u00f3n y el bienestar diario.<\/p>\n<\/li>\n<\/ul>\n<p class=\"\" data-start=\"1076\" data-end=\"1241\"><strong data-start=\"1076\" data-end=\"1092\">Modo de uso:<\/strong> Ni\u00f1os mayores de 4 a\u00f1os: tomar 1 c\u00e1psula al d\u00eda, preferentemente en la noche o seg\u00fan indicaci\u00f3n profesional.<br data-start=\"1201\" data-end=\"1204\" \/><strong data-start=\"1204\" data-end=\"1218\">Contenido:<\/strong> 60 c\u00e1psulas vegetales.<\/p>\n","protected":false},"excerpt":{"rendered":"<p>Z -Bral Kids 60 C\u00e1psulas &#8211; Beneficios esenciales para energ\u00eda, bienestar y salud \u00f3ptima.<\/p>\n","protected":false},"featured_media":377,"comment_status":"open","ping_status":"closed","template":"","meta":[],"product_brand":[],"product_cat":[29,32],"product_tag":[31,285,286,284,287,288],"class_list":{"0":"post-323","1":"product","2":"type-product","3":"status-publish","4":"has-post-thumbnail","6":"product_cat-multivitaminicos-energia-relajante-estres","7":"product_cat-ninos","8":"product_tag-biologic-herbal","9":"product_tag-calma-y-sueno-en-ninos","10":"product_tag-capsulas-para-dormir-ninos","11":"product_tag-regulador-emocional-infantil-natural","12":"product_tag-suplemento-natural-para-ninos-nerviosos","13":"product_tag-z-bral-kids-nutraleben-sueno-infantil","15":"first","16":"instock","17":"sale","18":"taxable","19":"shipping-taxable","20":"purchasable","21":"product-type-simple"},"yoast_head":"<!-- This site is optimized with the Yoast SEO plugin v27.4 - https:\/\/yoast.com\/product\/yoast-seo-wordpress\/ -->\n<title>Z-Bral Kids \u2013 60 C\u00e1psulas - Nutraleben<\/title>\n<meta name=\"robots\" content=\"index, follow, max-snippet:-1, max-image-preview:large, max-video-preview:-1\" \/>\n<link rel=\"canonical\" href=\"https:\/\/nutraleben.cl\/?product=z-bral-kids-60-capsulas\" \/>\n<meta property=\"og:locale\" content=\"es_ES\" \/>\n<meta property=\"og:type\" content=\"article\" \/>\n<meta property=\"og:title\" content=\"Z-Bral Kids \u2013 60 C\u00e1psulas - Nutraleben\" \/>\n<meta property=\"og:description\" content=\"Z -Bral Kids 60 C\u00e1psulas - Beneficios esenciales para energ\u00eda, bienestar y salud \u00f3ptima.\" \/>\n<meta property=\"og:url\" content=\"https:\/\/nutraleben.cl\/?product=z-bral-kids-60-capsulas\" \/>\n<meta property=\"og:site_name\" content=\"Nutraleben\" \/>\n<meta property=\"article:modified_time\" content=\"2025-04-30T17:56:38+00:00\" \/>\n<meta property=\"og:image\" content=\"https:\/\/nutraleben.cl\/wp-content\/uploads\/2025\/03\/PTH0330.png\" \/>\n\t<meta property=\"og:image:width\" content=\"1200\" \/>\n\t<meta property=\"og:image:height\" content=\"1200\" \/>\n\t<meta property=\"og:image:type\" content=\"image\/png\" \/>\n<meta name=\"twitter:card\" content=\"summary_large_image\" \/>\n<meta name=\"twitter:label1\" content=\"Tiempo de lectura\" \/>\n\t<meta name=\"twitter:data1\" content=\"1 minuto\" \/>\n<script type=\"application\/ld+json\" class=\"yoast-schema-graph\">{\"@context\":\"https:\\\/\\\/schema.org\",\"@graph\":[{\"@type\":\"WebPage\",\"@id\":\"https:\\\/\\\/nutraleben.cl\\\/?product=z-bral-kids-60-capsulas\",\"url\":\"https:\\\/\\\/nutraleben.cl\\\/?product=z-bral-kids-60-capsulas\",\"name\":\"Z-Bral Kids \u2013 60 C\u00e1psulas - Nutraleben\",\"isPartOf\":{\"@id\":\"https:\\\/\\\/nutraleben.cl\\\/#website\"},\"primaryImageOfPage\":{\"@id\":\"https:\\\/\\\/nutraleben.cl\\\/?product=z-bral-kids-60-capsulas#primaryimage\"},\"image\":{\"@id\":\"https:\\\/\\\/nutraleben.cl\\\/?product=z-bral-kids-60-capsulas#primaryimage\"},\"thumbnailUrl\":\"https:\\\/\\\/nutraleben.cl\\\/wp-content\\\/uploads\\\/2025\\\/03\\\/PTH0330.png\",\"datePublished\":\"2025-03-20T12:44:10+00:00\",\"dateModified\":\"2025-04-30T17:56:38+00:00\",\"breadcrumb\":{\"@id\":\"https:\\\/\\\/nutraleben.cl\\\/?product=z-bral-kids-60-capsulas#breadcrumb\"},\"inLanguage\":\"es\",\"potentialAction\":[{\"@type\":\"ReadAction\",\"target\":[\"https:\\\/\\\/nutraleben.cl\\\/?product=z-bral-kids-60-capsulas\"]}]},{\"@type\":\"ImageObject\",\"inLanguage\":\"es\",\"@id\":\"https:\\\/\\\/nutraleben.cl\\\/?product=z-bral-kids-60-capsulas#primaryimage\",\"url\":\"https:\\\/\\\/nutraleben.cl\\\/wp-content\\\/uploads\\\/2025\\\/03\\\/PTH0330.png\",\"contentUrl\":\"https:\\\/\\\/nutraleben.cl\\\/wp-content\\\/uploads\\\/2025\\\/03\\\/PTH0330.png\",\"width\":1200,\"height\":1200},{\"@type\":\"BreadcrumbList\",\"@id\":\"https:\\\/\\\/nutraleben.cl\\\/?product=z-bral-kids-60-capsulas#breadcrumb\",\"itemListElement\":[{\"@type\":\"ListItem\",\"position\":1,\"name\":\"Portada\",\"item\":\"https:\\\/\\\/nutraleben.cl\\\/\"},{\"@type\":\"ListItem\",\"position\":2,\"name\":\"TODOS LOS PRODUCTOS\",\"item\":\"https:\\\/\\\/nutraleben.cl\\\/?page_id=6\"},{\"@type\":\"ListItem\",\"position\":3,\"name\":\"Z-Bral Kids \u2013 60 C\u00e1psulas\"}]},{\"@type\":\"WebSite\",\"@id\":\"https:\\\/\\\/nutraleben.cl\\\/#website\",\"url\":\"https:\\\/\\\/nutraleben.cl\\\/\",\"name\":\"Nutraleben\",\"description\":\"\",\"publisher\":{\"@id\":\"https:\\\/\\\/nutraleben.cl\\\/#organization\"},\"potentialAction\":[{\"@type\":\"SearchAction\",\"target\":{\"@type\":\"EntryPoint\",\"urlTemplate\":\"https:\\\/\\\/nutraleben.cl\\\/?s={search_term_string}\"},\"query-input\":{\"@type\":\"PropertyValueSpecification\",\"valueRequired\":true,\"valueName\":\"search_term_string\"}}],\"inLanguage\":\"es\"},{\"@type\":\"Organization\",\"@id\":\"https:\\\/\\\/nutraleben.cl\\\/#organization\",\"name\":\"Nutraleben\",\"url\":\"https:\\\/\\\/nutraleben.cl\\\/\",\"logo\":{\"@type\":\"ImageObject\",\"inLanguage\":\"es\",\"@id\":\"https:\\\/\\\/nutraleben.cl\\\/#\\\/schema\\\/logo\\\/image\\\/\",\"url\":\"https:\\\/\\\/nutraleben.cl\\\/wp-content\\\/uploads\\\/2025\\\/04\\\/cropped-LOGO-NUTRALEBEN.webp\",\"contentUrl\":\"https:\\\/\\\/nutraleben.cl\\\/wp-content\\\/uploads\\\/2025\\\/04\\\/cropped-LOGO-NUTRALEBEN.webp\",\"width\":400,\"height\":119,\"caption\":\"Nutraleben\"},\"image\":{\"@id\":\"https:\\\/\\\/nutraleben.cl\\\/#\\\/schema\\\/logo\\\/image\\\/\"}}]}<\/script>\n<!-- \/ Yoast SEO plugin. -->","yoast_head_json":{"title":"Z-Bral Kids \u2013 60 C\u00e1psulas - Nutraleben","robots":{"index":"index","follow":"follow","max-snippet":"max-snippet:-1","max-image-preview":"max-image-preview:large","max-video-preview":"max-video-preview:-1"},"canonical":"https:\/\/nutraleben.cl\/?product=z-bral-kids-60-capsulas","og_locale":"es_ES","og_type":"article","og_title":"Z-Bral Kids \u2013 60 C\u00e1psulas - Nutraleben","og_description":"Z -Bral Kids 60 C\u00e1psulas - Beneficios esenciales para energ\u00eda, bienestar y salud \u00f3ptima.","og_url":"https:\/\/nutraleben.cl\/?product=z-bral-kids-60-capsulas","og_site_name":"Nutraleben","article_modified_time":"2025-04-30T17:56:38+00:00","og_image":[{"width":1200,"height":1200,"url":"https:\/\/nutraleben.cl\/wp-content\/uploads\/2025\/03\/PTH0330.png","type":"image\/png"}],"twitter_card":"summary_large_image","twitter_misc":{"Tiempo de lectura":"1 minuto"},"schema":{"@context":"https:\/\/schema.org","@graph":[{"@type":"WebPage","@id":"https:\/\/nutraleben.cl\/?product=z-bral-kids-60-capsulas","url":"https:\/\/nutraleben.cl\/?product=z-bral-kids-60-capsulas","name":"Z-Bral Kids \u2013 60 C\u00e1psulas - Nutraleben","isPartOf":{"@id":"https:\/\/nutraleben.cl\/#website"},"primaryImageOfPage":{"@id":"https:\/\/nutraleben.cl\/?product=z-bral-kids-60-capsulas#primaryimage"},"image":{"@id":"https:\/\/nutraleben.cl\/?product=z-bral-kids-60-capsulas#primaryimage"},"thumbnailUrl":"https:\/\/nutraleben.cl\/wp-content\/uploads\/2025\/03\/PTH0330.png","datePublished":"2025-03-20T12:44:10+00:00","dateModified":"2025-04-30T17:56:38+00:00","breadcrumb":{"@id":"https:\/\/nutraleben.cl\/?product=z-bral-kids-60-capsulas#breadcrumb"},"inLanguage":"es","potentialAction":[{"@type":"ReadAction","target":["https:\/\/nutraleben.cl\/?product=z-bral-kids-60-capsulas"]}]},{"@type":"ImageObject","inLanguage":"es","@id":"https:\/\/nutraleben.cl\/?product=z-bral-kids-60-capsulas#primaryimage","url":"https:\/\/nutraleben.cl\/wp-content\/uploads\/2025\/03\/PTH0330.png","contentUrl":"https:\/\/nutraleben.cl\/wp-content\/uploads\/2025\/03\/PTH0330.png","width":1200,"height":1200},{"@type":"BreadcrumbList","@id":"https:\/\/nutraleben.cl\/?product=z-bral-kids-60-capsulas#breadcrumb","itemListElement":[{"@type":"ListItem","position":1,"name":"Portada","item":"https:\/\/nutraleben.cl\/"},{"@type":"ListItem","position":2,"name":"TODOS LOS PRODUCTOS","item":"https:\/\/nutraleben.cl\/?page_id=6"},{"@type":"ListItem","position":3,"name":"Z-Bral Kids \u2013 60 C\u00e1psulas"}]},{"@type":"WebSite","@id":"https:\/\/nutraleben.cl\/#website","url":"https:\/\/nutraleben.cl\/","name":"Nutraleben","description":"","publisher":{"@id":"https:\/\/nutraleben.cl\/#organization"},"potentialAction":[{"@type":"SearchAction","target":{"@type":"EntryPoint","urlTemplate":"https:\/\/nutraleben.cl\/?s={search_term_string}"},"query-input":{"@type":"PropertyValueSpecification","valueRequired":true,"valueName":"search_term_string"}}],"inLanguage":"es"},{"@type":"Organization","@id":"https:\/\/nutraleben.cl\/#organization","name":"Nutraleben","url":"https:\/\/nutraleben.cl\/","logo":{"@type":"ImageObject","inLanguage":"es","@id":"https:\/\/nutraleben.cl\/#\/schema\/logo\/image\/","url":"https:\/\/nutraleben.cl\/wp-content\/uploads\/2025\/04\/cropped-LOGO-NUTRALEBEN.webp","contentUrl":"https:\/\/nutraleben.cl\/wp-content\/uploads\/2025\/04\/cropped-LOGO-NUTRALEBEN.webp","width":400,"height":119,"caption":"Nutraleben"},"image":{"@id":"https:\/\/nutraleben.cl\/#\/schema\/logo\/image\/"}}]}},"jetpack_sharing_enabled":true,"_links":{"self":[{"href":"https:\/\/nutraleben.cl\/index.php?rest_route=\/wp\/v2\/product\/323","targetHints":{"allow":["GET"]}}],"collection":[{"href":"https:\/\/nutraleben.cl\/index.php?rest_route=\/wp\/v2\/product"}],"about":[{"href":"https:\/\/nutraleben.cl\/index.php?rest_route=\/wp\/v2\/types\/product"}],"replies":[{"embeddable":true,"href":"https:\/\/nutraleben.cl\/index.php?rest_route=%2Fwp%2Fv2%2Fcomments&post=323"}],"version-history":[{"count":1,"href":"https:\/\/nutraleben.cl\/index.php?rest_route=\/wp\/v2\/product\/323\/revisions"}],"predecessor-version":[{"id":1192,"href":"https:\/\/nutraleben.cl\/index.php?rest_route=\/wp\/v2\/product\/323\/revisions\/1192"}],"wp:featuredmedia":[{"embeddable":true,"href":"https:\/\/nutraleben.cl\/index.php?rest_route=\/wp\/v2\/media\/377"}],"wp:attachment":[{"href":"https:\/\/nutraleben.cl\/index.php?rest_route=%2Fwp%2Fv2%2Fmedia&parent=323"}],"wp:term":[{"taxonomy":"product_brand","embeddable":true,"href":"https:\/\/nutraleben.cl\/index.php?rest_route=%2Fwp%2Fv2%2Fproduct_brand&post=323"},{"taxonomy":"product_cat","embeddable":true,"href":"https:\/\/nutraleben.cl\/index.php?rest_route=%2Fwp%2Fv2%2Fproduct_cat&post=323"},{"taxonomy":"product_tag","embeddable":true,"href":"https:\/\/nutraleben.cl\/index.php?rest_route=%2Fwp%2Fv2%2Fproduct_tag&post=323"}],"curies":[{"name":"wp","href":"https:\/\/api.w.org\/{rel}","templated":true}]}}