{"id":316,"date":"2025-03-20T13:44:10","date_gmt":"2025-03-20T12:44:10","guid":{"rendered":"https:\/\/nutraleben.cl\/?post_type=product&#038;p=316"},"modified":"2025-04-30T19:36:49","modified_gmt":"2025-04-30T17:36:49","slug":"te-verde-30-capsulas","status":"publish","type":"product","link":"https:\/\/nutraleben.cl\/?product=te-verde-30-capsulas","title":{"rendered":"T\u00e9 Verde \u2013 30 C\u00e1psulas"},"content":{"rendered":"<p><strong>Antioxidante natural, energ\u00eda limpia y apoyo al metabolismo<\/strong><\/p>\n<p>El <strong>T\u00e9 Verde en c\u00e1psulas de Nutraleben<\/strong> es un suplemento natural rico en polifenoles y catequinas, especialmente <strong>EGCG<\/strong>, conocido por sus efectos antioxidantes, termog\u00e9nicos y estimulantes suaves. Es ideal para personas que buscan <strong>apoyar la quema de grasa, aumentar la energ\u00eda de forma natural y proteger su organismo del estr\u00e9s oxidativo.<\/strong><\/p>\n<p><strong>Beneficios destacados:<\/strong><\/p>\n<ul>\n<li>\ud83c\udf43 <strong>Favorece el metabolismo y la oxidaci\u00f3n de grasas<\/strong>, siendo un aliado en programas de control de peso.<\/li>\n<li>\u26a1 <strong>Aumenta la energ\u00eda y el enfoque mental<\/strong>, sin causar sobreestimulaci\u00f3n.<\/li>\n<li>\ud83d\udee1\ufe0f <strong>Act\u00faa como potente antioxidante<\/strong>, protegiendo las c\u00e9lulas del da\u00f1o oxidativo.<\/li>\n<\/ul>\n<p><strong>Modo de uso:<\/strong> Tomar 1 c\u00e1psula al d\u00eda, preferentemente en la ma\u00f1ana.<br \/>\n<strong>Contenido:<\/strong> 30 c\u00e1psulas vegetales.<\/p>\n","protected":false},"excerpt":{"rendered":"<p>Te Verde 30 C\u00e1psulas &#8211; Beneficios esenciales para energ\u00eda, bienestar y salud \u00f3ptima.<\/p>\n","protected":false},"featured_media":358,"comment_status":"open","ping_status":"closed","template":"","meta":[],"product_brand":[],"product_cat":[34],"product_tag":[248,249,245,28,246,247],"class_list":{"0":"post-316","1":"product","2":"type-product","3":"status-publish","4":"has-post-thumbnail","6":"product_cat-control-peso-y-sport-nutrition","7":"product_tag-antioxidante-natural-te-verde","8":"product_tag-capsulas-de-te-verde-nutraleben","9":"product_tag-energia-y-metabolismo-suplemento","10":"product_tag-sercofar-natural","11":"product_tag-te-verde-en-capsulas-egcg","12":"product_tag-te-verde-para-bajar-de-peso","14":"first","15":"instock","16":"sale","17":"taxable","18":"shipping-taxable","19":"purchasable","20":"product-type-simple"},"yoast_head":"<!-- This site is optimized with the Yoast SEO plugin v27.4 - https:\/\/yoast.com\/product\/yoast-seo-wordpress\/ -->\n<title>T\u00e9 Verde \u2013 30 C\u00e1psulas - Nutraleben<\/title>\n<meta name=\"robots\" content=\"index, follow, max-snippet:-1, max-image-preview:large, max-video-preview:-1\" \/>\n<link rel=\"canonical\" href=\"https:\/\/nutraleben.cl\/?product=te-verde-30-capsulas\" \/>\n<meta property=\"og:locale\" content=\"es_ES\" \/>\n<meta property=\"og:type\" content=\"article\" \/>\n<meta property=\"og:title\" content=\"T\u00e9 Verde \u2013 30 C\u00e1psulas - Nutraleben\" \/>\n<meta property=\"og:description\" content=\"Te Verde 30 C\u00e1psulas - Beneficios esenciales para energ\u00eda, bienestar y salud \u00f3ptima.\" \/>\n<meta property=\"og:url\" content=\"https:\/\/nutraleben.cl\/?product=te-verde-30-capsulas\" \/>\n<meta property=\"og:site_name\" content=\"Nutraleben\" \/>\n<meta property=\"article:modified_time\" content=\"2025-04-30T17:36:49+00:00\" \/>\n<meta property=\"og:image\" content=\"https:\/\/nutraleben.cl\/wp-content\/uploads\/2025\/03\/PTH0298.png\" \/>\n\t<meta property=\"og:image:width\" content=\"1280\" \/>\n\t<meta property=\"og:image:height\" content=\"1280\" \/>\n\t<meta property=\"og:image:type\" content=\"image\/png\" \/>\n<meta name=\"twitter:card\" content=\"summary_large_image\" \/>\n<meta name=\"twitter:label1\" content=\"Tiempo de lectura\" \/>\n\t<meta name=\"twitter:data1\" content=\"1 minuto\" \/>\n<script type=\"application\/ld+json\" class=\"yoast-schema-graph\">{\"@context\":\"https:\\\/\\\/schema.org\",\"@graph\":[{\"@type\":\"WebPage\",\"@id\":\"https:\\\/\\\/nutraleben.cl\\\/?product=te-verde-30-capsulas\",\"url\":\"https:\\\/\\\/nutraleben.cl\\\/?product=te-verde-30-capsulas\",\"name\":\"T\u00e9 Verde \u2013 30 C\u00e1psulas - Nutraleben\",\"isPartOf\":{\"@id\":\"https:\\\/\\\/nutraleben.cl\\\/#website\"},\"primaryImageOfPage\":{\"@id\":\"https:\\\/\\\/nutraleben.cl\\\/?product=te-verde-30-capsulas#primaryimage\"},\"image\":{\"@id\":\"https:\\\/\\\/nutraleben.cl\\\/?product=te-verde-30-capsulas#primaryimage\"},\"thumbnailUrl\":\"https:\\\/\\\/nutraleben.cl\\\/wp-content\\\/uploads\\\/2025\\\/03\\\/PTH0298.png\",\"datePublished\":\"2025-03-20T12:44:10+00:00\",\"dateModified\":\"2025-04-30T17:36:49+00:00\",\"breadcrumb\":{\"@id\":\"https:\\\/\\\/nutraleben.cl\\\/?product=te-verde-30-capsulas#breadcrumb\"},\"inLanguage\":\"es\",\"potentialAction\":[{\"@type\":\"ReadAction\",\"target\":[\"https:\\\/\\\/nutraleben.cl\\\/?product=te-verde-30-capsulas\"]}]},{\"@type\":\"ImageObject\",\"inLanguage\":\"es\",\"@id\":\"https:\\\/\\\/nutraleben.cl\\\/?product=te-verde-30-capsulas#primaryimage\",\"url\":\"https:\\\/\\\/nutraleben.cl\\\/wp-content\\\/uploads\\\/2025\\\/03\\\/PTH0298.png\",\"contentUrl\":\"https:\\\/\\\/nutraleben.cl\\\/wp-content\\\/uploads\\\/2025\\\/03\\\/PTH0298.png\",\"width\":1280,\"height\":1280},{\"@type\":\"BreadcrumbList\",\"@id\":\"https:\\\/\\\/nutraleben.cl\\\/?product=te-verde-30-capsulas#breadcrumb\",\"itemListElement\":[{\"@type\":\"ListItem\",\"position\":1,\"name\":\"Portada\",\"item\":\"https:\\\/\\\/nutraleben.cl\\\/\"},{\"@type\":\"ListItem\",\"position\":2,\"name\":\"TODOS LOS PRODUCTOS\",\"item\":\"https:\\\/\\\/nutraleben.cl\\\/?page_id=6\"},{\"@type\":\"ListItem\",\"position\":3,\"name\":\"T\u00e9 Verde \u2013 30 C\u00e1psulas\"}]},{\"@type\":\"WebSite\",\"@id\":\"https:\\\/\\\/nutraleben.cl\\\/#website\",\"url\":\"https:\\\/\\\/nutraleben.cl\\\/\",\"name\":\"Nutraleben\",\"description\":\"\",\"publisher\":{\"@id\":\"https:\\\/\\\/nutraleben.cl\\\/#organization\"},\"potentialAction\":[{\"@type\":\"SearchAction\",\"target\":{\"@type\":\"EntryPoint\",\"urlTemplate\":\"https:\\\/\\\/nutraleben.cl\\\/?s={search_term_string}\"},\"query-input\":{\"@type\":\"PropertyValueSpecification\",\"valueRequired\":true,\"valueName\":\"search_term_string\"}}],\"inLanguage\":\"es\"},{\"@type\":\"Organization\",\"@id\":\"https:\\\/\\\/nutraleben.cl\\\/#organization\",\"name\":\"Nutraleben\",\"url\":\"https:\\\/\\\/nutraleben.cl\\\/\",\"logo\":{\"@type\":\"ImageObject\",\"inLanguage\":\"es\",\"@id\":\"https:\\\/\\\/nutraleben.cl\\\/#\\\/schema\\\/logo\\\/image\\\/\",\"url\":\"https:\\\/\\\/nutraleben.cl\\\/wp-content\\\/uploads\\\/2025\\\/04\\\/cropped-LOGO-NUTRALEBEN.webp\",\"contentUrl\":\"https:\\\/\\\/nutraleben.cl\\\/wp-content\\\/uploads\\\/2025\\\/04\\\/cropped-LOGO-NUTRALEBEN.webp\",\"width\":400,\"height\":119,\"caption\":\"Nutraleben\"},\"image\":{\"@id\":\"https:\\\/\\\/nutraleben.cl\\\/#\\\/schema\\\/logo\\\/image\\\/\"}}]}<\/script>\n<!-- \/ Yoast SEO plugin. -->","yoast_head_json":{"title":"T\u00e9 Verde \u2013 30 C\u00e1psulas - Nutraleben","robots":{"index":"index","follow":"follow","max-snippet":"max-snippet:-1","max-image-preview":"max-image-preview:large","max-video-preview":"max-video-preview:-1"},"canonical":"https:\/\/nutraleben.cl\/?product=te-verde-30-capsulas","og_locale":"es_ES","og_type":"article","og_title":"T\u00e9 Verde \u2013 30 C\u00e1psulas - Nutraleben","og_description":"Te Verde 30 C\u00e1psulas - Beneficios esenciales para energ\u00eda, bienestar y salud \u00f3ptima.","og_url":"https:\/\/nutraleben.cl\/?product=te-verde-30-capsulas","og_site_name":"Nutraleben","article_modified_time":"2025-04-30T17:36:49+00:00","og_image":[{"width":1280,"height":1280,"url":"https:\/\/nutraleben.cl\/wp-content\/uploads\/2025\/03\/PTH0298.png","type":"image\/png"}],"twitter_card":"summary_large_image","twitter_misc":{"Tiempo de lectura":"1 minuto"},"schema":{"@context":"https:\/\/schema.org","@graph":[{"@type":"WebPage","@id":"https:\/\/nutraleben.cl\/?product=te-verde-30-capsulas","url":"https:\/\/nutraleben.cl\/?product=te-verde-30-capsulas","name":"T\u00e9 Verde \u2013 30 C\u00e1psulas - Nutraleben","isPartOf":{"@id":"https:\/\/nutraleben.cl\/#website"},"primaryImageOfPage":{"@id":"https:\/\/nutraleben.cl\/?product=te-verde-30-capsulas#primaryimage"},"image":{"@id":"https:\/\/nutraleben.cl\/?product=te-verde-30-capsulas#primaryimage"},"thumbnailUrl":"https:\/\/nutraleben.cl\/wp-content\/uploads\/2025\/03\/PTH0298.png","datePublished":"2025-03-20T12:44:10+00:00","dateModified":"2025-04-30T17:36:49+00:00","breadcrumb":{"@id":"https:\/\/nutraleben.cl\/?product=te-verde-30-capsulas#breadcrumb"},"inLanguage":"es","potentialAction":[{"@type":"ReadAction","target":["https:\/\/nutraleben.cl\/?product=te-verde-30-capsulas"]}]},{"@type":"ImageObject","inLanguage":"es","@id":"https:\/\/nutraleben.cl\/?product=te-verde-30-capsulas#primaryimage","url":"https:\/\/nutraleben.cl\/wp-content\/uploads\/2025\/03\/PTH0298.png","contentUrl":"https:\/\/nutraleben.cl\/wp-content\/uploads\/2025\/03\/PTH0298.png","width":1280,"height":1280},{"@type":"BreadcrumbList","@id":"https:\/\/nutraleben.cl\/?product=te-verde-30-capsulas#breadcrumb","itemListElement":[{"@type":"ListItem","position":1,"name":"Portada","item":"https:\/\/nutraleben.cl\/"},{"@type":"ListItem","position":2,"name":"TODOS LOS PRODUCTOS","item":"https:\/\/nutraleben.cl\/?page_id=6"},{"@type":"ListItem","position":3,"name":"T\u00e9 Verde \u2013 30 C\u00e1psulas"}]},{"@type":"WebSite","@id":"https:\/\/nutraleben.cl\/#website","url":"https:\/\/nutraleben.cl\/","name":"Nutraleben","description":"","publisher":{"@id":"https:\/\/nutraleben.cl\/#organization"},"potentialAction":[{"@type":"SearchAction","target":{"@type":"EntryPoint","urlTemplate":"https:\/\/nutraleben.cl\/?s={search_term_string}"},"query-input":{"@type":"PropertyValueSpecification","valueRequired":true,"valueName":"search_term_string"}}],"inLanguage":"es"},{"@type":"Organization","@id":"https:\/\/nutraleben.cl\/#organization","name":"Nutraleben","url":"https:\/\/nutraleben.cl\/","logo":{"@type":"ImageObject","inLanguage":"es","@id":"https:\/\/nutraleben.cl\/#\/schema\/logo\/image\/","url":"https:\/\/nutraleben.cl\/wp-content\/uploads\/2025\/04\/cropped-LOGO-NUTRALEBEN.webp","contentUrl":"https:\/\/nutraleben.cl\/wp-content\/uploads\/2025\/04\/cropped-LOGO-NUTRALEBEN.webp","width":400,"height":119,"caption":"Nutraleben"},"image":{"@id":"https:\/\/nutraleben.cl\/#\/schema\/logo\/image\/"}}]}},"jetpack_sharing_enabled":true,"_links":{"self":[{"href":"https:\/\/nutraleben.cl\/index.php?rest_route=\/wp\/v2\/product\/316","targetHints":{"allow":["GET"]}}],"collection":[{"href":"https:\/\/nutraleben.cl\/index.php?rest_route=\/wp\/v2\/product"}],"about":[{"href":"https:\/\/nutraleben.cl\/index.php?rest_route=\/wp\/v2\/types\/product"}],"replies":[{"embeddable":true,"href":"https:\/\/nutraleben.cl\/index.php?rest_route=%2Fwp%2Fv2%2Fcomments&post=316"}],"version-history":[{"count":1,"href":"https:\/\/nutraleben.cl\/index.php?rest_route=\/wp\/v2\/product\/316\/revisions"}],"predecessor-version":[{"id":1184,"href":"https:\/\/nutraleben.cl\/index.php?rest_route=\/wp\/v2\/product\/316\/revisions\/1184"}],"wp:featuredmedia":[{"embeddable":true,"href":"https:\/\/nutraleben.cl\/index.php?rest_route=\/wp\/v2\/media\/358"}],"wp:attachment":[{"href":"https:\/\/nutraleben.cl\/index.php?rest_route=%2Fwp%2Fv2%2Fmedia&parent=316"}],"wp:term":[{"taxonomy":"product_brand","embeddable":true,"href":"https:\/\/nutraleben.cl\/index.php?rest_route=%2Fwp%2Fv2%2Fproduct_brand&post=316"},{"taxonomy":"product_cat","embeddable":true,"href":"https:\/\/nutraleben.cl\/index.php?rest_route=%2Fwp%2Fv2%2Fproduct_cat&post=316"},{"taxonomy":"product_tag","embeddable":true,"href":"https:\/\/nutraleben.cl\/index.php?rest_route=%2Fwp%2Fv2%2Fproduct_tag&post=316"}],"curies":[{"name":"wp","href":"https:\/\/api.w.org\/{rel}","templated":true}]}}