{"id":295,"date":"2025-03-20T13:43:48","date_gmt":"2025-03-20T12:43:48","guid":{"rendered":"https:\/\/nutraleben.cl\/?post_type=product&#038;p=295"},"modified":"2025-04-30T22:46:01","modified_gmt":"2025-04-30T20:46:01","slug":"pata-de-vaca-30-capsulas","status":"publish","type":"product","link":"https:\/\/nutraleben.cl\/?product=pata-de-vaca-30-capsulas","title":{"rendered":"Pata de Vaca \u2013 30 C\u00e1psulas"},"content":{"rendered":"<p><strong style=\"font-size: 1rem;\">Apoyo natural para el control de la glucosa y la salud renal<\/strong><\/p>\n<p>El suplemento <strong>Pata de Vaca de Nutraleben<\/strong>, elaborado a partir de <em>Bauhinia forficata<\/em>, es reconocido por su acci\u00f3n <strong>reguladora de los niveles de az\u00facar en sangre<\/strong>, as\u00ed como por su efecto <strong>diur\u00e9tico y depurativo suave<\/strong>. Es ideal para personas con <strong>resistencia a la insulina, prediabetes o que buscan un control gluc\u00e9mico natural<\/strong>.<\/p>\n<p><strong>Beneficios destacados:<\/strong><\/p>\n<ul>\n<li>\u2696\ufe0f <strong>Contribuye a regular los niveles de glucosa en sangre<\/strong>, de forma natural y progresiva.<\/li>\n<li>\ud83d\udca7 <strong>Apoya la funci\u00f3n renal y la eliminaci\u00f3n de l\u00edquidos<\/strong>, ayudando a desintoxicar el organismo.<\/li>\n<li>\ud83c\udf43 <strong>Favorece la digesti\u00f3n y el metabolismo<\/strong>, gracias a sus propiedades naturales.<\/li>\n<\/ul>\n<p><strong>Modo de uso:<\/strong> Tomar 1 c\u00e1psula al d\u00eda antes de una comida principal o seg\u00fan indicaci\u00f3n profesional.<br \/>\n<strong>Contenido:<\/strong> 30 c\u00e1psulas vegetales.<\/p>\n","protected":false},"excerpt":{"rendered":"<p>Pata De Vaca 30 C\u00e1psulas &#8211; Beneficios esenciales para energ\u00eda, bienestar y salud \u00f3ptima.<\/p>\n","protected":false},"featured_media":350,"comment_status":"open","ping_status":"closed","template":"","meta":[],"product_brand":[],"product_cat":[37],"product_tag":[392,390,391,388,28,389],"class_list":{"0":"post-295","1":"product","2":"type-product","3":"status-publish","4":"has-post-thumbnail","6":"product_cat-cardiovascular-y-colesterol","7":"product_tag-bauhinia-forficata-suplemento-chile","8":"product_tag-control-de-glucosa-en-sangre","9":"product_tag-diuretico-y-depurativo-natural","10":"product_tag-pata-de-vaca-capsulas-nutraleben","11":"product_tag-sercofar-natural","12":"product_tag-suplemento-natural-para-bajar-el-azucar","14":"first","15":"instock","16":"sale","17":"taxable","18":"shipping-taxable","19":"purchasable","20":"product-type-simple"},"yoast_head":"<!-- This site is optimized with the Yoast SEO plugin v27.4 - https:\/\/yoast.com\/product\/yoast-seo-wordpress\/ -->\n<title>Pata de Vaca \u2013 30 C\u00e1psulas - Nutraleben<\/title>\n<meta name=\"robots\" content=\"index, follow, max-snippet:-1, max-image-preview:large, max-video-preview:-1\" \/>\n<link rel=\"canonical\" href=\"https:\/\/nutraleben.cl\/?product=pata-de-vaca-30-capsulas\" \/>\n<meta property=\"og:locale\" content=\"es_ES\" \/>\n<meta property=\"og:type\" content=\"article\" \/>\n<meta property=\"og:title\" content=\"Pata de Vaca \u2013 30 C\u00e1psulas - Nutraleben\" \/>\n<meta property=\"og:description\" content=\"Pata De Vaca 30 C\u00e1psulas - Beneficios esenciales para energ\u00eda, bienestar y salud \u00f3ptima.\" \/>\n<meta property=\"og:url\" content=\"https:\/\/nutraleben.cl\/?product=pata-de-vaca-30-capsulas\" \/>\n<meta property=\"og:site_name\" content=\"Nutraleben\" \/>\n<meta property=\"article:modified_time\" content=\"2025-04-30T20:46:01+00:00\" \/>\n<meta property=\"og:image\" content=\"https:\/\/nutraleben.cl\/wp-content\/uploads\/2025\/03\/PTH0240.png\" \/>\n\t<meta property=\"og:image:width\" content=\"1280\" \/>\n\t<meta property=\"og:image:height\" content=\"1280\" \/>\n\t<meta property=\"og:image:type\" content=\"image\/png\" \/>\n<meta name=\"twitter:card\" content=\"summary_large_image\" \/>\n<meta name=\"twitter:label1\" content=\"Tiempo de lectura\" \/>\n\t<meta name=\"twitter:data1\" content=\"1 minuto\" \/>\n<script type=\"application\/ld+json\" class=\"yoast-schema-graph\">{\"@context\":\"https:\\\/\\\/schema.org\",\"@graph\":[{\"@type\":\"WebPage\",\"@id\":\"https:\\\/\\\/nutraleben.cl\\\/?product=pata-de-vaca-30-capsulas\",\"url\":\"https:\\\/\\\/nutraleben.cl\\\/?product=pata-de-vaca-30-capsulas\",\"name\":\"Pata de Vaca \u2013 30 C\u00e1psulas - Nutraleben\",\"isPartOf\":{\"@id\":\"https:\\\/\\\/nutraleben.cl\\\/#website\"},\"primaryImageOfPage\":{\"@id\":\"https:\\\/\\\/nutraleben.cl\\\/?product=pata-de-vaca-30-capsulas#primaryimage\"},\"image\":{\"@id\":\"https:\\\/\\\/nutraleben.cl\\\/?product=pata-de-vaca-30-capsulas#primaryimage\"},\"thumbnailUrl\":\"https:\\\/\\\/nutraleben.cl\\\/wp-content\\\/uploads\\\/2025\\\/03\\\/PTH0240.png\",\"datePublished\":\"2025-03-20T12:43:48+00:00\",\"dateModified\":\"2025-04-30T20:46:01+00:00\",\"breadcrumb\":{\"@id\":\"https:\\\/\\\/nutraleben.cl\\\/?product=pata-de-vaca-30-capsulas#breadcrumb\"},\"inLanguage\":\"es\",\"potentialAction\":[{\"@type\":\"ReadAction\",\"target\":[\"https:\\\/\\\/nutraleben.cl\\\/?product=pata-de-vaca-30-capsulas\"]}]},{\"@type\":\"ImageObject\",\"inLanguage\":\"es\",\"@id\":\"https:\\\/\\\/nutraleben.cl\\\/?product=pata-de-vaca-30-capsulas#primaryimage\",\"url\":\"https:\\\/\\\/nutraleben.cl\\\/wp-content\\\/uploads\\\/2025\\\/03\\\/PTH0240.png\",\"contentUrl\":\"https:\\\/\\\/nutraleben.cl\\\/wp-content\\\/uploads\\\/2025\\\/03\\\/PTH0240.png\",\"width\":1280,\"height\":1280},{\"@type\":\"BreadcrumbList\",\"@id\":\"https:\\\/\\\/nutraleben.cl\\\/?product=pata-de-vaca-30-capsulas#breadcrumb\",\"itemListElement\":[{\"@type\":\"ListItem\",\"position\":1,\"name\":\"Portada\",\"item\":\"https:\\\/\\\/nutraleben.cl\\\/\"},{\"@type\":\"ListItem\",\"position\":2,\"name\":\"TODOS LOS PRODUCTOS\",\"item\":\"https:\\\/\\\/nutraleben.cl\\\/?page_id=6\"},{\"@type\":\"ListItem\",\"position\":3,\"name\":\"Pata de Vaca \u2013 30 C\u00e1psulas\"}]},{\"@type\":\"WebSite\",\"@id\":\"https:\\\/\\\/nutraleben.cl\\\/#website\",\"url\":\"https:\\\/\\\/nutraleben.cl\\\/\",\"name\":\"Nutraleben\",\"description\":\"\",\"publisher\":{\"@id\":\"https:\\\/\\\/nutraleben.cl\\\/#organization\"},\"potentialAction\":[{\"@type\":\"SearchAction\",\"target\":{\"@type\":\"EntryPoint\",\"urlTemplate\":\"https:\\\/\\\/nutraleben.cl\\\/?s={search_term_string}\"},\"query-input\":{\"@type\":\"PropertyValueSpecification\",\"valueRequired\":true,\"valueName\":\"search_term_string\"}}],\"inLanguage\":\"es\"},{\"@type\":\"Organization\",\"@id\":\"https:\\\/\\\/nutraleben.cl\\\/#organization\",\"name\":\"Nutraleben\",\"url\":\"https:\\\/\\\/nutraleben.cl\\\/\",\"logo\":{\"@type\":\"ImageObject\",\"inLanguage\":\"es\",\"@id\":\"https:\\\/\\\/nutraleben.cl\\\/#\\\/schema\\\/logo\\\/image\\\/\",\"url\":\"https:\\\/\\\/nutraleben.cl\\\/wp-content\\\/uploads\\\/2025\\\/04\\\/cropped-LOGO-NUTRALEBEN.webp\",\"contentUrl\":\"https:\\\/\\\/nutraleben.cl\\\/wp-content\\\/uploads\\\/2025\\\/04\\\/cropped-LOGO-NUTRALEBEN.webp\",\"width\":400,\"height\":119,\"caption\":\"Nutraleben\"},\"image\":{\"@id\":\"https:\\\/\\\/nutraleben.cl\\\/#\\\/schema\\\/logo\\\/image\\\/\"}}]}<\/script>\n<!-- \/ Yoast SEO plugin. -->","yoast_head_json":{"title":"Pata de Vaca \u2013 30 C\u00e1psulas - Nutraleben","robots":{"index":"index","follow":"follow","max-snippet":"max-snippet:-1","max-image-preview":"max-image-preview:large","max-video-preview":"max-video-preview:-1"},"canonical":"https:\/\/nutraleben.cl\/?product=pata-de-vaca-30-capsulas","og_locale":"es_ES","og_type":"article","og_title":"Pata de Vaca \u2013 30 C\u00e1psulas - Nutraleben","og_description":"Pata De Vaca 30 C\u00e1psulas - Beneficios esenciales para energ\u00eda, bienestar y salud \u00f3ptima.","og_url":"https:\/\/nutraleben.cl\/?product=pata-de-vaca-30-capsulas","og_site_name":"Nutraleben","article_modified_time":"2025-04-30T20:46:01+00:00","og_image":[{"width":1280,"height":1280,"url":"https:\/\/nutraleben.cl\/wp-content\/uploads\/2025\/03\/PTH0240.png","type":"image\/png"}],"twitter_card":"summary_large_image","twitter_misc":{"Tiempo de lectura":"1 minuto"},"schema":{"@context":"https:\/\/schema.org","@graph":[{"@type":"WebPage","@id":"https:\/\/nutraleben.cl\/?product=pata-de-vaca-30-capsulas","url":"https:\/\/nutraleben.cl\/?product=pata-de-vaca-30-capsulas","name":"Pata de Vaca \u2013 30 C\u00e1psulas - Nutraleben","isPartOf":{"@id":"https:\/\/nutraleben.cl\/#website"},"primaryImageOfPage":{"@id":"https:\/\/nutraleben.cl\/?product=pata-de-vaca-30-capsulas#primaryimage"},"image":{"@id":"https:\/\/nutraleben.cl\/?product=pata-de-vaca-30-capsulas#primaryimage"},"thumbnailUrl":"https:\/\/nutraleben.cl\/wp-content\/uploads\/2025\/03\/PTH0240.png","datePublished":"2025-03-20T12:43:48+00:00","dateModified":"2025-04-30T20:46:01+00:00","breadcrumb":{"@id":"https:\/\/nutraleben.cl\/?product=pata-de-vaca-30-capsulas#breadcrumb"},"inLanguage":"es","potentialAction":[{"@type":"ReadAction","target":["https:\/\/nutraleben.cl\/?product=pata-de-vaca-30-capsulas"]}]},{"@type":"ImageObject","inLanguage":"es","@id":"https:\/\/nutraleben.cl\/?product=pata-de-vaca-30-capsulas#primaryimage","url":"https:\/\/nutraleben.cl\/wp-content\/uploads\/2025\/03\/PTH0240.png","contentUrl":"https:\/\/nutraleben.cl\/wp-content\/uploads\/2025\/03\/PTH0240.png","width":1280,"height":1280},{"@type":"BreadcrumbList","@id":"https:\/\/nutraleben.cl\/?product=pata-de-vaca-30-capsulas#breadcrumb","itemListElement":[{"@type":"ListItem","position":1,"name":"Portada","item":"https:\/\/nutraleben.cl\/"},{"@type":"ListItem","position":2,"name":"TODOS LOS PRODUCTOS","item":"https:\/\/nutraleben.cl\/?page_id=6"},{"@type":"ListItem","position":3,"name":"Pata de Vaca \u2013 30 C\u00e1psulas"}]},{"@type":"WebSite","@id":"https:\/\/nutraleben.cl\/#website","url":"https:\/\/nutraleben.cl\/","name":"Nutraleben","description":"","publisher":{"@id":"https:\/\/nutraleben.cl\/#organization"},"potentialAction":[{"@type":"SearchAction","target":{"@type":"EntryPoint","urlTemplate":"https:\/\/nutraleben.cl\/?s={search_term_string}"},"query-input":{"@type":"PropertyValueSpecification","valueRequired":true,"valueName":"search_term_string"}}],"inLanguage":"es"},{"@type":"Organization","@id":"https:\/\/nutraleben.cl\/#organization","name":"Nutraleben","url":"https:\/\/nutraleben.cl\/","logo":{"@type":"ImageObject","inLanguage":"es","@id":"https:\/\/nutraleben.cl\/#\/schema\/logo\/image\/","url":"https:\/\/nutraleben.cl\/wp-content\/uploads\/2025\/04\/cropped-LOGO-NUTRALEBEN.webp","contentUrl":"https:\/\/nutraleben.cl\/wp-content\/uploads\/2025\/04\/cropped-LOGO-NUTRALEBEN.webp","width":400,"height":119,"caption":"Nutraleben"},"image":{"@id":"https:\/\/nutraleben.cl\/#\/schema\/logo\/image\/"}}]}},"jetpack_sharing_enabled":true,"_links":{"self":[{"href":"https:\/\/nutraleben.cl\/index.php?rest_route=\/wp\/v2\/product\/295","targetHints":{"allow":["GET"]}}],"collection":[{"href":"https:\/\/nutraleben.cl\/index.php?rest_route=\/wp\/v2\/product"}],"about":[{"href":"https:\/\/nutraleben.cl\/index.php?rest_route=\/wp\/v2\/types\/product"}],"replies":[{"embeddable":true,"href":"https:\/\/nutraleben.cl\/index.php?rest_route=%2Fwp%2Fv2%2Fcomments&post=295"}],"version-history":[{"count":1,"href":"https:\/\/nutraleben.cl\/index.php?rest_route=\/wp\/v2\/product\/295\/revisions"}],"predecessor-version":[{"id":1213,"href":"https:\/\/nutraleben.cl\/index.php?rest_route=\/wp\/v2\/product\/295\/revisions\/1213"}],"wp:featuredmedia":[{"embeddable":true,"href":"https:\/\/nutraleben.cl\/index.php?rest_route=\/wp\/v2\/media\/350"}],"wp:attachment":[{"href":"https:\/\/nutraleben.cl\/index.php?rest_route=%2Fwp%2Fv2%2Fmedia&parent=295"}],"wp:term":[{"taxonomy":"product_brand","embeddable":true,"href":"https:\/\/nutraleben.cl\/index.php?rest_route=%2Fwp%2Fv2%2Fproduct_brand&post=295"},{"taxonomy":"product_cat","embeddable":true,"href":"https:\/\/nutraleben.cl\/index.php?rest_route=%2Fwp%2Fv2%2Fproduct_cat&post=295"},{"taxonomy":"product_tag","embeddable":true,"href":"https:\/\/nutraleben.cl\/index.php?rest_route=%2Fwp%2Fv2%2Fproduct_tag&post=295"}],"curies":[{"name":"wp","href":"https:\/\/api.w.org\/{rel}","templated":true}]}}