{"id":1444,"date":"2025-06-13T22:22:05","date_gmt":"2025-06-13T20:22:05","guid":{"rendered":"https:\/\/nutraleben.cl\/?post_type=product&#038;p=1444"},"modified":"2026-03-23T16:23:18","modified_gmt":"2026-03-23T15:23:18","slug":"3x1-creatina-monohidratada-100-natural-300-g","status":"publish","type":"product","link":"https:\/\/nutraleben.cl\/?product=3x1-creatina-monohidratada-100-natural-300-g","title":{"rendered":"3&#215;1 Creatina Monohidratada 100% natural  \u2013 300 g"},"content":{"rendered":"<p><strong>PROMOCION ESPECIAL HASTA AGOTAR STOCK &#8211; CREATINA MONOHIDRATADA 100% PURA 3X1 $29.990 (pocas unidades)<br \/>\n<\/strong>($2.990 envi\u00f3 a toda la RM )\u00a0 &#8211; (costo por envi\u00f3 a regiones, variable seg\u00fan regi\u00f3n y localidad.)\u00a0\u00a0<strong><br \/>\n<\/strong><\/p>\n<p><strong>Fuerza, potencia y recuperaci\u00f3n para alcanzar tu m\u00e1ximo nivel<\/strong><\/p>\n<p>La <strong>Creatina 300 g de Nutraleben<\/strong> es un suplemento de alta pureza y r\u00e1pida absorci\u00f3n, ideal para <strong>mejorar el rendimiento f\u00edsico, aumentar la masa muscular y acelerar la recuperaci\u00f3n post-entrenamiento<\/strong>. Recomendado para personas activas, deportistas o quienes buscan llevar su desempe\u00f1o al siguiente nivel.<\/p>\n<p><strong>Beneficios destacados:<\/strong><\/p>\n<ul>\n<li>\ud83c\udfcb\ufe0f\u200d\u2642\ufe0f <strong>Aumenta la fuerza y la explosividad muscular<\/strong>, ideal para entrenamientos de alta intensidad.<\/li>\n<li>\ud83d\udd01 <strong>Favorece una recuperaci\u00f3n muscular m\u00e1s r\u00e1pida<\/strong>, reduciendo el da\u00f1o y la fatiga.<\/li>\n<li>\ud83d\udcaa <strong>Estimula el crecimiento de masa muscular libre de grasa<\/strong>, mejorando el volumen y la resistencia.<\/li>\n<\/ul>\n<p><strong>Modo de uso:<\/strong><\/p>\n<ul>\n<li><em>Fase de carga:<\/em> 5 g (1 cucharadita) 4 veces al d\u00eda por 5 a 7 d\u00edas.<\/li>\n<li><em>Fase de mantenimiento:<\/em> 5 g diarios, mezclados en agua o jugo.<\/li>\n<\/ul>\n<p><strong>Contenido:<\/strong> 300 gramos de creatina monohidratada micronizada.<\/p>\n","protected":false},"excerpt":{"rendered":"<p>Creatina 300 gr &#8211; Beneficios esenciales para energ\u00eda, bienestar y salud \u00f3ptima.<\/p>\n","protected":false},"featured_media":1446,"comment_status":"open","ping_status":"closed","template":"","meta":[],"product_brand":[],"product_cat":[34,54],"product_tag":[192,190,30,22,23,38,189,188,191],"class_list":{"0":"post-1444","1":"product","2":"type-product","3":"status-publish","4":"has-post-thumbnail","6":"product_cat-control-peso-y-sport-nutrition","7":"product_cat-packs","8":"product_tag-creatina-monohidratada-300-g","9":"product_tag-creatina-nutraleben-uso-humano","10":"product_tag-descuentos","11":"product_tag-destacados","12":"product_tag-grune-leben","13":"product_tag-imperdibles","14":"product_tag-recuperacion-muscular-post-entrenamiento","15":"product_tag-suplemento-deportivo-creatina-pura","16":"product_tag-suplemento-para-fuerza-y-volumen","18":"first","19":"instock","20":"sale","21":"featured","22":"taxable","23":"shipping-taxable","24":"purchasable","25":"product-type-simple"},"yoast_head":"<!-- This site is optimized with the Yoast SEO plugin v27.4 - https:\/\/yoast.com\/product\/yoast-seo-wordpress\/ -->\n<title>3x1 Creatina Monohidratada 100% natural \u2013 300 g - Nutraleben<\/title>\n<meta name=\"robots\" content=\"index, follow, max-snippet:-1, max-image-preview:large, max-video-preview:-1\" \/>\n<link rel=\"canonical\" href=\"https:\/\/nutraleben.cl\/?product=3x1-creatina-monohidratada-100-natural-300-g\" \/>\n<meta property=\"og:locale\" content=\"es_ES\" \/>\n<meta property=\"og:type\" content=\"article\" \/>\n<meta property=\"og:title\" content=\"3x1 Creatina Monohidratada 100% natural \u2013 300 g - Nutraleben\" \/>\n<meta property=\"og:description\" content=\"Creatina 300 gr - Beneficios esenciales para energ\u00eda, bienestar y salud \u00f3ptima.\" \/>\n<meta property=\"og:url\" content=\"https:\/\/nutraleben.cl\/?product=3x1-creatina-monohidratada-100-natural-300-g\" \/>\n<meta property=\"og:site_name\" content=\"Nutraleben\" \/>\n<meta property=\"article:modified_time\" content=\"2026-03-23T15:23:18+00:00\" \/>\n<meta property=\"og:image\" content=\"https:\/\/nutraleben.cl\/wp-content\/uploads\/2025\/06\/2.jpg\" \/>\n\t<meta property=\"og:image:width\" content=\"1080\" \/>\n\t<meta property=\"og:image:height\" content=\"1350\" \/>\n\t<meta property=\"og:image:type\" content=\"image\/jpeg\" \/>\n<meta name=\"twitter:card\" content=\"summary_large_image\" \/>\n<meta name=\"twitter:label1\" content=\"Tiempo de lectura\" \/>\n\t<meta name=\"twitter:data1\" content=\"1 minuto\" \/>\n<script type=\"application\/ld+json\" class=\"yoast-schema-graph\">{\"@context\":\"https:\\\/\\\/schema.org\",\"@graph\":[{\"@type\":\"WebPage\",\"@id\":\"https:\\\/\\\/nutraleben.cl\\\/?product=3x1-creatina-monohidratada-100-natural-300-g\",\"url\":\"https:\\\/\\\/nutraleben.cl\\\/?product=3x1-creatina-monohidratada-100-natural-300-g\",\"name\":\"3x1 Creatina Monohidratada 100% natural \u2013 300 g - Nutraleben\",\"isPartOf\":{\"@id\":\"https:\\\/\\\/nutraleben.cl\\\/#website\"},\"primaryImageOfPage\":{\"@id\":\"https:\\\/\\\/nutraleben.cl\\\/?product=3x1-creatina-monohidratada-100-natural-300-g#primaryimage\"},\"image\":{\"@id\":\"https:\\\/\\\/nutraleben.cl\\\/?product=3x1-creatina-monohidratada-100-natural-300-g#primaryimage\"},\"thumbnailUrl\":\"https:\\\/\\\/nutraleben.cl\\\/wp-content\\\/uploads\\\/2025\\\/06\\\/2.jpg\",\"datePublished\":\"2025-06-13T20:22:05+00:00\",\"dateModified\":\"2026-03-23T15:23:18+00:00\",\"breadcrumb\":{\"@id\":\"https:\\\/\\\/nutraleben.cl\\\/?product=3x1-creatina-monohidratada-100-natural-300-g#breadcrumb\"},\"inLanguage\":\"es\",\"potentialAction\":[{\"@type\":\"ReadAction\",\"target\":[\"https:\\\/\\\/nutraleben.cl\\\/?product=3x1-creatina-monohidratada-100-natural-300-g\"]}]},{\"@type\":\"ImageObject\",\"inLanguage\":\"es\",\"@id\":\"https:\\\/\\\/nutraleben.cl\\\/?product=3x1-creatina-monohidratada-100-natural-300-g#primaryimage\",\"url\":\"https:\\\/\\\/nutraleben.cl\\\/wp-content\\\/uploads\\\/2025\\\/06\\\/2.jpg\",\"contentUrl\":\"https:\\\/\\\/nutraleben.cl\\\/wp-content\\\/uploads\\\/2025\\\/06\\\/2.jpg\",\"width\":1080,\"height\":1350},{\"@type\":\"BreadcrumbList\",\"@id\":\"https:\\\/\\\/nutraleben.cl\\\/?product=3x1-creatina-monohidratada-100-natural-300-g#breadcrumb\",\"itemListElement\":[{\"@type\":\"ListItem\",\"position\":1,\"name\":\"Portada\",\"item\":\"https:\\\/\\\/nutraleben.cl\\\/\"},{\"@type\":\"ListItem\",\"position\":2,\"name\":\"TODOS LOS PRODUCTOS\",\"item\":\"https:\\\/\\\/nutraleben.cl\\\/?page_id=6\"},{\"@type\":\"ListItem\",\"position\":3,\"name\":\"3&#215;1 Creatina Monohidratada 100% natural \u2013 300 g\"}]},{\"@type\":\"WebSite\",\"@id\":\"https:\\\/\\\/nutraleben.cl\\\/#website\",\"url\":\"https:\\\/\\\/nutraleben.cl\\\/\",\"name\":\"Nutraleben\",\"description\":\"\",\"publisher\":{\"@id\":\"https:\\\/\\\/nutraleben.cl\\\/#organization\"},\"potentialAction\":[{\"@type\":\"SearchAction\",\"target\":{\"@type\":\"EntryPoint\",\"urlTemplate\":\"https:\\\/\\\/nutraleben.cl\\\/?s={search_term_string}\"},\"query-input\":{\"@type\":\"PropertyValueSpecification\",\"valueRequired\":true,\"valueName\":\"search_term_string\"}}],\"inLanguage\":\"es\"},{\"@type\":\"Organization\",\"@id\":\"https:\\\/\\\/nutraleben.cl\\\/#organization\",\"name\":\"Nutraleben\",\"url\":\"https:\\\/\\\/nutraleben.cl\\\/\",\"logo\":{\"@type\":\"ImageObject\",\"inLanguage\":\"es\",\"@id\":\"https:\\\/\\\/nutraleben.cl\\\/#\\\/schema\\\/logo\\\/image\\\/\",\"url\":\"https:\\\/\\\/nutraleben.cl\\\/wp-content\\\/uploads\\\/2025\\\/04\\\/cropped-LOGO-NUTRALEBEN.webp\",\"contentUrl\":\"https:\\\/\\\/nutraleben.cl\\\/wp-content\\\/uploads\\\/2025\\\/04\\\/cropped-LOGO-NUTRALEBEN.webp\",\"width\":400,\"height\":119,\"caption\":\"Nutraleben\"},\"image\":{\"@id\":\"https:\\\/\\\/nutraleben.cl\\\/#\\\/schema\\\/logo\\\/image\\\/\"}}]}<\/script>\n<!-- \/ Yoast SEO plugin. -->","yoast_head_json":{"title":"3x1 Creatina Monohidratada 100% natural \u2013 300 g - Nutraleben","robots":{"index":"index","follow":"follow","max-snippet":"max-snippet:-1","max-image-preview":"max-image-preview:large","max-video-preview":"max-video-preview:-1"},"canonical":"https:\/\/nutraleben.cl\/?product=3x1-creatina-monohidratada-100-natural-300-g","og_locale":"es_ES","og_type":"article","og_title":"3x1 Creatina Monohidratada 100% natural \u2013 300 g - Nutraleben","og_description":"Creatina 300 gr - Beneficios esenciales para energ\u00eda, bienestar y salud \u00f3ptima.","og_url":"https:\/\/nutraleben.cl\/?product=3x1-creatina-monohidratada-100-natural-300-g","og_site_name":"Nutraleben","article_modified_time":"2026-03-23T15:23:18+00:00","og_image":[{"width":1080,"height":1350,"url":"https:\/\/nutraleben.cl\/wp-content\/uploads\/2025\/06\/2.jpg","type":"image\/jpeg"}],"twitter_card":"summary_large_image","twitter_misc":{"Tiempo de lectura":"1 minuto"},"schema":{"@context":"https:\/\/schema.org","@graph":[{"@type":"WebPage","@id":"https:\/\/nutraleben.cl\/?product=3x1-creatina-monohidratada-100-natural-300-g","url":"https:\/\/nutraleben.cl\/?product=3x1-creatina-monohidratada-100-natural-300-g","name":"3x1 Creatina Monohidratada 100% natural \u2013 300 g - Nutraleben","isPartOf":{"@id":"https:\/\/nutraleben.cl\/#website"},"primaryImageOfPage":{"@id":"https:\/\/nutraleben.cl\/?product=3x1-creatina-monohidratada-100-natural-300-g#primaryimage"},"image":{"@id":"https:\/\/nutraleben.cl\/?product=3x1-creatina-monohidratada-100-natural-300-g#primaryimage"},"thumbnailUrl":"https:\/\/nutraleben.cl\/wp-content\/uploads\/2025\/06\/2.jpg","datePublished":"2025-06-13T20:22:05+00:00","dateModified":"2026-03-23T15:23:18+00:00","breadcrumb":{"@id":"https:\/\/nutraleben.cl\/?product=3x1-creatina-monohidratada-100-natural-300-g#breadcrumb"},"inLanguage":"es","potentialAction":[{"@type":"ReadAction","target":["https:\/\/nutraleben.cl\/?product=3x1-creatina-monohidratada-100-natural-300-g"]}]},{"@type":"ImageObject","inLanguage":"es","@id":"https:\/\/nutraleben.cl\/?product=3x1-creatina-monohidratada-100-natural-300-g#primaryimage","url":"https:\/\/nutraleben.cl\/wp-content\/uploads\/2025\/06\/2.jpg","contentUrl":"https:\/\/nutraleben.cl\/wp-content\/uploads\/2025\/06\/2.jpg","width":1080,"height":1350},{"@type":"BreadcrumbList","@id":"https:\/\/nutraleben.cl\/?product=3x1-creatina-monohidratada-100-natural-300-g#breadcrumb","itemListElement":[{"@type":"ListItem","position":1,"name":"Portada","item":"https:\/\/nutraleben.cl\/"},{"@type":"ListItem","position":2,"name":"TODOS LOS PRODUCTOS","item":"https:\/\/nutraleben.cl\/?page_id=6"},{"@type":"ListItem","position":3,"name":"3&#215;1 Creatina Monohidratada 100% natural \u2013 300 g"}]},{"@type":"WebSite","@id":"https:\/\/nutraleben.cl\/#website","url":"https:\/\/nutraleben.cl\/","name":"Nutraleben","description":"","publisher":{"@id":"https:\/\/nutraleben.cl\/#organization"},"potentialAction":[{"@type":"SearchAction","target":{"@type":"EntryPoint","urlTemplate":"https:\/\/nutraleben.cl\/?s={search_term_string}"},"query-input":{"@type":"PropertyValueSpecification","valueRequired":true,"valueName":"search_term_string"}}],"inLanguage":"es"},{"@type":"Organization","@id":"https:\/\/nutraleben.cl\/#organization","name":"Nutraleben","url":"https:\/\/nutraleben.cl\/","logo":{"@type":"ImageObject","inLanguage":"es","@id":"https:\/\/nutraleben.cl\/#\/schema\/logo\/image\/","url":"https:\/\/nutraleben.cl\/wp-content\/uploads\/2025\/04\/cropped-LOGO-NUTRALEBEN.webp","contentUrl":"https:\/\/nutraleben.cl\/wp-content\/uploads\/2025\/04\/cropped-LOGO-NUTRALEBEN.webp","width":400,"height":119,"caption":"Nutraleben"},"image":{"@id":"https:\/\/nutraleben.cl\/#\/schema\/logo\/image\/"}}]}},"jetpack_sharing_enabled":true,"_links":{"self":[{"href":"https:\/\/nutraleben.cl\/index.php?rest_route=\/wp\/v2\/product\/1444","targetHints":{"allow":["GET"]}}],"collection":[{"href":"https:\/\/nutraleben.cl\/index.php?rest_route=\/wp\/v2\/product"}],"about":[{"href":"https:\/\/nutraleben.cl\/index.php?rest_route=\/wp\/v2\/types\/product"}],"replies":[{"embeddable":true,"href":"https:\/\/nutraleben.cl\/index.php?rest_route=%2Fwp%2Fv2%2Fcomments&post=1444"}],"version-history":[{"count":2,"href":"https:\/\/nutraleben.cl\/index.php?rest_route=\/wp\/v2\/product\/1444\/revisions"}],"predecessor-version":[{"id":1448,"href":"https:\/\/nutraleben.cl\/index.php?rest_route=\/wp\/v2\/product\/1444\/revisions\/1448"}],"wp:featuredmedia":[{"embeddable":true,"href":"https:\/\/nutraleben.cl\/index.php?rest_route=\/wp\/v2\/media\/1446"}],"wp:attachment":[{"href":"https:\/\/nutraleben.cl\/index.php?rest_route=%2Fwp%2Fv2%2Fmedia&parent=1444"}],"wp:term":[{"taxonomy":"product_brand","embeddable":true,"href":"https:\/\/nutraleben.cl\/index.php?rest_route=%2Fwp%2Fv2%2Fproduct_brand&post=1444"},{"taxonomy":"product_cat","embeddable":true,"href":"https:\/\/nutraleben.cl\/index.php?rest_route=%2Fwp%2Fv2%2Fproduct_cat&post=1444"},{"taxonomy":"product_tag","embeddable":true,"href":"https:\/\/nutraleben.cl\/index.php?rest_route=%2Fwp%2Fv2%2Fproduct_tag&post=1444"}],"curies":[{"name":"wp","href":"https:\/\/api.w.org\/{rel}","templated":true}]}}